{"id":21,"date":"2015-06-23T13:34:50","date_gmt":"2015-06-23T13:34:50","guid":{"rendered":"http:\/\/isn.pastos.de\/?page_id=21"},"modified":"2017-11-24T20:30:57","modified_gmt":"2017-11-24T20:30:57","slug":"isn-2","status":"publish","type":"page","link":"http:\/\/shiatsunetwork.org\/it\/","title":{"rendered":"ISN"},"content":{"rendered":"<p>L&#8217;International Shiatsu Network (ISN) \u00e8 un&#8217; associazione senza scopo di lucro delle Federazioni Nazionali Shiatsu. E&#8217; stato fondato dalle associazioni sotto indicate che rappresentano circa 6000 operatori Shiatsu e pi\u00f9 di 100 scuole, vale a dire la maggior parte degli operatori professionali Shiatsu in Europa.<\/p>\n<p><strong>FFST: F\u00e9d\u00e9ration Fran\u00e7aise Shiatsu Traditionel (F)<\/strong><\/p>\n<p><strong>FISieo: Federazione Italiana Shiatsu Insegnanti e Operatori (I)<\/strong><\/p>\n<p><strong>GSD: Gesellschaft f\u00fcr Shiatsu Deutschland (D)<\/strong><\/p>\n<p><strong>SGS: Shiatsu Gesellschaft Schweiz (CH)<\/strong><\/p>\n<p>&nbsp;<\/p>\n<p><strong>NSE: Namikoshi Shiatsu Europe<\/strong><\/p>\n<p>L&#8217;obiettivo principale dell&#8217; ISN \u00e8 di essere una piattaforma per lo scambio di informazioni e la cooperazione tra le federazioni nazionali in tutto il mondo. Si occupa inoltre di diffondere e sviluppare la conoscenza dello Shiatsu e di garantire un elevato standard qualitativo dello Shiatsu come professione. L&#8217;International Shiatsu Network mira a sostenere il riconoscimento dello Shiatsu come professione in tutto il mondo. Grazie al NSE, la rete \u00e8 anche collegata al Japan Shiatsu College, Tokyo.<\/p>\n<p>In conformit\u00e0 con questo obiettivo l&#8217; ISN si impegna a<\/p>\n<ul>\n<li>diffondere, organizzare e rappresentare lo Shiatsu a livello internazionale<\/li>\n<li>promuovere le relative informazioni, il coordinamento e la fornitura di documenti come atti di natura giuridica, piani di studio, definizioni, codice etico, standard di qualit\u00e0 e cosi&#8217; via<\/li>\n<li>scambiare esperienze culturali, storiche, politiche e didattiche legate allo Shiatsu<\/li>\n<li>discutere e perseguire ulteriori interessi comuni<\/li>\n<\/ul>\n<p>L&#8217; ISN \u00e8 una rete priva di gerarchie e agisce per conto delle associazioni. Tutte le decisioni dell&#8217; ISN sono prese all&#8217;unanimit\u00e0 e con l&#8217;approvazione esplicita dei comitati nazionali. I progetti perseguiti in nome dell&#8217; ISN sono l&#8217;espressione della volont\u00e0 di tutte le associazioni. Essi sono realizzati su base volontaria da parte dei membri partecipanti.<\/p>\n<p>Le singole risorse e mezzi delle associazioni, tutti derivanti da diverse culture nazionali, costituiscono la base organizzativa ed economica dell&#8217; International Shiatsu Network.<\/p>\n","protected":false},"excerpt":{"rendered":"<p>L&#8217;International Shiatsu Network (ISN) \u00e8 un&#8217; associazione senza scopo di lucro delle Federazioni Nazionali Shiatsu. E&#8217; stato fondato dalle associazioni sotto indicate che rappresentano circa 6000 operatori Shiatsu e pi\u00f9 di 100 scuole, vale a dire la maggior parte degli operatori professionali Shiatsu in Europa. FFST: F\u00e9d\u00e9ration Fran\u00e7aise Shiatsu Traditionel &#8230;<\/p>\n","protected":false},"author":1,"featured_media":0,"parent":0,"menu_order":0,"comment_status":"closed","ping_status":"open","template":"","meta":[],"_links":{"self":[{"href":"http:\/\/shiatsunetwork.org\/it\/wp-json\/wp\/v2\/pages\/21"}],"collection":[{"href":"http:\/\/shiatsunetwork.org\/it\/wp-json\/wp\/v2\/pages"}],"about":[{"href":"http:\/\/shiatsunetwork.org\/it\/wp-json\/wp\/v2\/types\/page"}],"author":[{"embeddable":true,"href":"http:\/\/shiatsunetwork.org\/it\/wp-json\/wp\/v2\/users\/1"}],"replies":[{"embeddable":true,"href":"http:\/\/shiatsunetwork.org\/it\/wp-json\/wp\/v2\/comments?post=21"}],"version-history":[{"count":4,"href":"http:\/\/shiatsunetwork.org\/it\/wp-json\/wp\/v2\/pages\/21\/revisions"}],"predecessor-version":[{"id":108,"href":"http:\/\/shiatsunetwork.org\/it\/wp-json\/wp\/v2\/pages\/21\/revisions\/108"}],"wp:attachment":[{"href":"http:\/\/shiatsunetwork.org\/it\/wp-json\/wp\/v2\/media?parent=21"}],"curies":[{"name":"wp","href":"https:\/\/api.w.org\/{rel}","templated":true}]}}