{"id":117,"date":"2017-11-23T16:45:15","date_gmt":"2017-11-23T16:45:15","guid":{"rendered":"http:\/\/shiatsunetwork.org\/it\/?page_id=117"},"modified":"2018-05-08T13:39:14","modified_gmt":"2018-05-08T13:39:14","slug":"curriculum","status":"publish","type":"page","link":"http:\/\/shiatsunetwork.org\/it\/curriculum\/","title":{"rendered":"Curriculum"},"content":{"rendered":"<table>\n<tbody>\n<tr>\n<td width=\"338\">\n<p style=\"text-align: left\"><strong>Curriculum<\/strong><\/p>\n<p style=\"text-align: left\">1.\u00a0\u00a0\u00a0\u00a0\u00a0 Conoscenza<\/p>\n<p style=\"text-align: left\">Le competenze dell\u2019operatore shiatsu comprendono, a seconda dello specifico stile shiatsu, i seguenti:<\/p>\n<p style=\"text-align: left\">\u2022 Aspetti filosofici e teorici della struttura sanitaria dell\u2019Asia Orientale* e il loro significato per il lavoro Shiatsu<br \/>\n\u2022 Conoscenza della dipendenza dell&#8217;atteggiamento dell\u2019operatore\u00a0 e dei suoi effetti sul ricevente<\/p>\n<p style=\"text-align: left\">Il concetto di Yin e Yang<br \/>\n\u2022 Sistemi di meridiani e funzioni psichiche e fisiche dei meridiani<br \/>\n\u2022 I cinque elementi e le loro dinamiche<br \/>\n\u2022 Le aree di Hara e schiena<br \/>\n\u2022 La teoria di Kyo&amp;Jitsu<br \/>\n\u2022 Punti Yu and Bo<br \/>\n\u2022 Storia, teorie e sistemi di Shiatsu (ad esempio le radici di Shiatsu e i vari stili di Shiatsu)<br \/>\n\u2022 Fondamenti di anatomia e fisiologia in relazione ai contenuti specifici dello Shiatsu<br \/>\nPercorsi dei meridiani<br \/>\n\u2022 Localizzazione degli Tsubos o punti<br \/>\n\u2022 Funzioni degli organi secondo le teorie dell&#8217;Asia orientale<br \/>\n\u2022 Comprensione del Ki<br \/>\n\u2022 Caratteristiche degli Tsubos \/ punti<\/p>\n<p style=\"text-align: left\">Le associazioni Nazionali di shiatsu definiscono il profilo professionale di shiatsu e le competenze,<br \/>\nche si devono ottenere nel percorso formativo.<br \/>\nEssi supportano e garantiscono la qualit\u00e0 dei loro associati, richiedendo standard adeguati<br \/>\nparticolarmente il rispetto del Codice Etico<\/p>\n<p style=\"text-align: left\">*Cina e Giappone<\/p>\n<p style=\"text-align: left\">2.\u00a0\u00a0\u00a0\u00a0\u00a0 Competenze<\/p>\n<p style=\"text-align: left\">Lo studente shiatsu ha imparato l&#8217;importanza di essere internamente ed esternamente focalizzati e centrati durante il contatto con il ricevente.<\/p>\n<p style=\"text-align: left\">Incontrare<\/p>\n<p style=\"text-align: left\">\u2022 Comunicare con il ricevente in un modo adeguato<br \/>\n\u2022 Discutere le ragioni che hanno portato il ricevente a rivolgersi ad un operatore shiatsu, le esigenze e i desideri \u00a0in relazione a Shiatsu<br \/>\n\u2022 Riconoscimento e identificazione potenziali delle risorse esistenti con il ricevente<br \/>\n\u2022 Discutere il trattamento in relazione ai Cinque Elementi<\/p>\n<p style=\"text-align: left\">\u2022 Informare adeguatamente gli aspetti fondamentali della filosofia dell&#8217;Asia orientale nello Shiatsu.<\/p>\n<p style=\"text-align: left\">\u2022 Discutere lo stile di trattamento e le possibili procedure di trattamento con il ricevente<br \/>\n\u2022 Discutere possibili approcci olistici all&#8217;interno del metodo Shiatsu e raccogliere il consenso del ricevente<br \/>\n\u2022 Discutere la posizione del trattamento, i suoi limiti in relazione \u00a0al tocco e aspetti dell&#8217;abbigliamento<\/p>\n<p style=\"text-align: left\">\u2022 Eseguire una valutazione energetica shiatsu specifica sulla base della conversazione, dell&#8217;osservazione e del tocco delle aree energetiche<br \/>\n\u2022 approfondire e coniugare i metodi di valutazione specifici Shiatsu, ad esempio:<br \/>\no BoShin<br \/>\no MonShin<br \/>\no BunShin<br \/>\no SetsuShin<br \/>\no Valutazione di Hara e schiena<br \/>\no Kyo e Jitsu<br \/>\no Yu e Bo punti<\/p>\n<p style=\"text-align: left\">\u2022 Pianificare il trattamento sulla base della valutazione energetica specifica di Shiatsu e delle valutazioni e dei desideri raccolti durante la conversazione.<\/p>\n<p style=\"text-align: left\">Durante il trattamento<\/p>\n<p style=\"text-align: left\">\u2022 Applicazione consapevole delle tecniche del focus interiore, al fine di interagire e risuonare con il cliente e il suo processo:<br \/>\no attitudine al non giudizio<br \/>\no atteggiamento non intenzionale \/ rilassato focalizzato<br \/>\no consapevolezza<br \/>\n\u2022 Centralit\u00e0: asse tra cielo e terra \/ contatto con la colonna vertebrale e \/ o hara \/ presenza nel proprio spazio del proprio corpo<br \/>\n\u2022 Trattamento in connessione consapevole con il processo energetico<br \/>\n\u2022 Tecniche di facile spostamento intorno al ricevente, es. movimenti fluidi, continui e tocco<\/p>\n<p style=\"text-align: left\">\u2022 Posizioni specifiche di Shiatsu, tecniche e procedure di trattamento:<br \/>\n\u2022 Posizionamento del ricevente:<br \/>\no prona, supina, posizione laterale sul foton e\/o lettino<br \/>\no posizione seduta, sia sul futon che sulla sedia<br \/>\n\u2022 Posture del corpo e movimenti specifici di Shiatsu con passaggi fluttuanti<br \/>\n\u2022 Tecniche: lavorare mano madre \/ mano figla, palmi, pollice, dita, ginocchia e gomiti perpendicolari al corpo<br \/>\n\u2022 Stiramenti, rotazioni, mobilitazioni<\/p>\n<p style=\"text-align: left\">\u2022 Trattamento del meridiano<br \/>\n\u2022 Qualit\u00e0 del tocco specifica dello Shiatsu<br \/>\n\u2022 Contatto profondo<br \/>\n\u2022 Struttura e procedura di un trattamento Shiatsu sulla base di una valutazione energetica,<br \/>\n\u2022 Integrazione delle esperienze a livello di corpo, anima e mente attraverso il trattamento dei meridiani in considerazione delle loro funzioni.<\/p>\n<p style=\"text-align: left\">Integrazione durante il trattamento<\/p>\n<p style=\"text-align: left\">\u2022 Adeguamento continuo della valutazione energetica specifica dello Shiatsu al processo causato dal trattamento.<br \/>\n\u2022 Uso della calma meditativa e dell&#8217;auto-consapevolezza per il processo shiatsu e per essere presente con il ricevente questo per permettergli di ascoltarsi dentro e incontrare se stesso.<br \/>\n\u2022 Assistere il ricevente al fine di sperimentare una percezione cosciente degli effetti di equilibrio che avvengono inconsciamente nello Shiatsu e di verbalizzarli, se necessario, in modo da portare le risorse inconsce esistenti nella consapevolezza e utilizzarle.<\/p>\n<p style=\"text-align: left\">Trasferimento<\/p>\n<p style=\"text-align: left\">\u2022 Seguire il processo energetico con il ricevente<br \/>\n\u2022 Conversazione con il ricevente al fine di scambiare ci\u00f2 che entrambe le parti hanno valutato dalla situazione dei disturbi in relazione alla teoria dei Cinque Elementi e \/ o alla funzione dei meridiani<br \/>\n\u2022 analogie, immagini, visualizzazioni in relazione a Yin e Yang e ai Cinque Elementi<br \/>\n\u2022 Creare nuove risorse in relazione alle esperienze energetiche attraverso la conversazione con il ricevente<br \/>\n\u2022 Sostenere il ricevente \u00a0trovando uno stile di vita sano.<br \/>\n\u2022 Trasmetter specifici esercizi shiatsu:<br \/>\no Esercizi per allungare i meridiani<br \/>\no Do In<br \/>\no Esercizi semplici<\/p>\n<p style=\"text-align: left\">Attitudine\/ Atteggiamento<br \/>\nL\u2019operatore Shiatsu \u00e8 internamente ed esternamente focalizzato e centrato, rispetta lo stile di vita del ricevente. \u00c8 consapevole della propria personalit\u00e0 e delle proprie risorse.<\/p>\n<p style=\"text-align: left\">Parigi, maggio 2017<\/p>\n<\/td>\n<\/tr>\n<\/tbody>\n<\/table>\n","protected":false},"excerpt":{"rendered":"<p>Curriculum 1.\u00a0\u00a0\u00a0\u00a0\u00a0 Conoscenza Le competenze dell\u2019operatore shiatsu comprendono, a seconda dello specifico stile shiatsu, i seguenti: \u2022 Aspetti filosofici e teorici della struttura sanitaria dell\u2019Asia Orientale* e il loro significato per il lavoro Shiatsu \u2022 Conoscenza della dipendenza dell&#8217;atteggiamento dell\u2019operatore\u00a0 e dei suoi effetti sul ricevente Il concetto di Yin &#8230;<\/p>\n","protected":false},"author":3,"featured_media":0,"parent":0,"menu_order":0,"comment_status":"closed","ping_status":"closed","template":"","meta":[],"_links":{"self":[{"href":"http:\/\/shiatsunetwork.org\/it\/wp-json\/wp\/v2\/pages\/117"}],"collection":[{"href":"http:\/\/shiatsunetwork.org\/it\/wp-json\/wp\/v2\/pages"}],"about":[{"href":"http:\/\/shiatsunetwork.org\/it\/wp-json\/wp\/v2\/types\/page"}],"author":[{"embeddable":true,"href":"http:\/\/shiatsunetwork.org\/it\/wp-json\/wp\/v2\/users\/3"}],"replies":[{"embeddable":true,"href":"http:\/\/shiatsunetwork.org\/it\/wp-json\/wp\/v2\/comments?post=117"}],"version-history":[{"count":5,"href":"http:\/\/shiatsunetwork.org\/it\/wp-json\/wp\/v2\/pages\/117\/revisions"}],"predecessor-version":[{"id":128,"href":"http:\/\/shiatsunetwork.org\/it\/wp-json\/wp\/v2\/pages\/117\/revisions\/128"}],"wp:attachment":[{"href":"http:\/\/shiatsunetwork.org\/it\/wp-json\/wp\/v2\/media?parent=117"}],"curies":[{"name":"wp","href":"https:\/\/api.w.org\/{rel}","templated":true}]}}