{"id":113,"date":"2017-11-23T17:10:47","date_gmt":"2017-11-23T17:10:47","guid":{"rendered":"http:\/\/shiatsunetwork.org\/it\/?page_id=113"},"modified":"2017-11-23T17:10:47","modified_gmt":"2017-11-23T17:10:47","slug":"filosofia","status":"publish","type":"page","link":"http:\/\/shiatsunetwork.org\/it\/filosofia\/","title":{"rendered":"Filosofia"},"content":{"rendered":"<p>Secondo il predicamento delle teorie tradizionali di salute orientali, la persona \u00e8 concepita come unit\u00e0 di corpo, anima e mente. La vita di una persona \u00e8 scandita da continui processi di trasformazione. L&#8217;individuo e&#8217; in grado di conservare la propria salute, vivendo in armonia con se stesso, il suo ambiente, la natura e l&#8217;universo.<\/p>\n<p>Gli squilibri possono causare disturbi del flusso di energia. Se i disagi sono forti e frequenti, le facolt\u00e0 di autoregolamentazione della persona sono alterate portando ad uno squilibrio energetico a livello di corpo, anima e mente. Se tali squilibri sono individuati in tempo, la trasformazione verso disturbi pi\u00f9 gravi, malattie o crisi di vita pu\u00f2 essere evitata.<\/p>\n<p>Le teorie tradizionali orientali che riguardano la salute sottolineano l&#8217;importanza del comportamento dell&#8217;operatore durante il trattamento che determina l&#8217;efficacia del trattamento stesso. Secondo i principi che hanno le loro radici nel buddismo e nel taoismo (presente in tutte le arti marziali orientali) l&#8217;operatore applica uno specific stato mentale nel quale la mente e&#8217; libera, senza pregiudizi e Wu Wei.<\/p>\n","protected":false},"excerpt":{"rendered":"<p>Secondo il predicamento delle teorie tradizionali di salute orientali, la persona \u00e8 concepita come unit\u00e0 di corpo, anima e mente. La vita di una persona \u00e8 scandita da continui processi di trasformazione. L&#8217;individuo e&#8217; in grado di conservare la propria salute, vivendo in armonia con se stesso, il suo ambiente, &#8230;<\/p>\n","protected":false},"author":2,"featured_media":0,"parent":0,"menu_order":0,"comment_status":"closed","ping_status":"closed","template":"","meta":[],"_links":{"self":[{"href":"http:\/\/shiatsunetwork.org\/it\/wp-json\/wp\/v2\/pages\/113"}],"collection":[{"href":"http:\/\/shiatsunetwork.org\/it\/wp-json\/wp\/v2\/pages"}],"about":[{"href":"http:\/\/shiatsunetwork.org\/it\/wp-json\/wp\/v2\/types\/page"}],"author":[{"embeddable":true,"href":"http:\/\/shiatsunetwork.org\/it\/wp-json\/wp\/v2\/users\/2"}],"replies":[{"embeddable":true,"href":"http:\/\/shiatsunetwork.org\/it\/wp-json\/wp\/v2\/comments?post=113"}],"version-history":[{"count":1,"href":"http:\/\/shiatsunetwork.org\/it\/wp-json\/wp\/v2\/pages\/113\/revisions"}],"predecessor-version":[{"id":123,"href":"http:\/\/shiatsunetwork.org\/it\/wp-json\/wp\/v2\/pages\/113\/revisions\/123"}],"wp:attachment":[{"href":"http:\/\/shiatsunetwork.org\/it\/wp-json\/wp\/v2\/media?parent=113"}],"curies":[{"name":"wp","href":"https:\/\/api.w.org\/{rel}","templated":true}]}}