{"id":57,"date":"2015-06-24T11:36:17","date_gmt":"2015-06-24T11:36:17","guid":{"rendered":"http:\/\/isn.pastos.de\/?page_id=57"},"modified":"2019-10-23T15:18:42","modified_gmt":"2019-10-23T15:18:42","slug":"contactet-liens","status":"publish","type":"page","link":"http:\/\/shiatsunetwork.org\/fr\/contactet-liens\/","title":{"rendered":"Contacts et Liens"},"content":{"rendered":"<p><strong>ISN <\/strong>c \/ o Bea Cappellini Casella postale 239 CH-6950 Tesserete beacappellini@ticino.com <strong>France<\/strong> <a href=\"http:\/\/www.ffst.fr\">F\u00e9d\u00e9ration Fran\u00e7aise de Shiatsu Traditionnel<\/a> (FFST) 12 rue des Epinettes F-75017 Paris www.ffst.fr \/ shiatsu@ffst.fr <strong>Allemagne<\/strong> <a href=\"http:\/\/www.shiatsu-gsd.de\">Gesellschaft f\u00fcr Shiatsu in Deutschland<\/a> (GSD) Eimsb\u00fctteler Str. 53-55 D-22769 Hambourg www.shiatsu-gsd.de \/ info@shiatsu-gsd.de <strong>Italie<\/strong> <a href=\"http:\/\/www.fisieo.it\">Federazione Italiana Shiatsu insegnanti e operatori<\/a> (FISieo) Ufficio di Segreteria Nazionale Via Gallonio \u2013 18 00161 Roma www.fisieo.it \/ info@fisieo.it <strong>Suisse <\/strong><a href=\"http:\/\/www.shiatsuverband.ch\">Shiatsu Gesellschaft Schweiz<\/a> (SGS) Etzelmatt 5 CH-5430 Wettingen www.shiatsuverband.ch \/ gs@shiatsuverband.ch \u00a0<\/p>\n","protected":false},"excerpt":{"rendered":"<p>ISN c \/ o Bea Cappellini Casella postale 239 CH-6950 Tesserete beacappellini@ticino.com France F\u00e9d\u00e9ration Fran\u00e7aise de Shiatsu Traditionnel (FFST) 12 rue des Epinettes F-75017 Paris www.ffst.fr \/ shiatsu@ffst.fr Allemagne Gesellschaft f\u00fcr Shiatsu in Deutschland (GSD) Eimsb\u00fctteler Str. 53-55 D-22769 Hambourg www.shiatsu-gsd.de \/ info@shiatsu-gsd.de Italie Federazione Italiana Shiatsu insegnanti e operatori &#8230;<\/p>\n","protected":false},"author":1,"featured_media":0,"parent":0,"menu_order":0,"comment_status":"closed","ping_status":"open","template":"","meta":[],"_links":{"self":[{"href":"http:\/\/shiatsunetwork.org\/fr\/wp-json\/wp\/v2\/pages\/57"}],"collection":[{"href":"http:\/\/shiatsunetwork.org\/fr\/wp-json\/wp\/v2\/pages"}],"about":[{"href":"http:\/\/shiatsunetwork.org\/fr\/wp-json\/wp\/v2\/types\/page"}],"author":[{"embeddable":true,"href":"http:\/\/shiatsunetwork.org\/fr\/wp-json\/wp\/v2\/users\/1"}],"replies":[{"embeddable":true,"href":"http:\/\/shiatsunetwork.org\/fr\/wp-json\/wp\/v2\/comments?post=57"}],"version-history":[{"count":10,"href":"http:\/\/shiatsunetwork.org\/fr\/wp-json\/wp\/v2\/pages\/57\/revisions"}],"predecessor-version":[{"id":235,"href":"http:\/\/shiatsunetwork.org\/fr\/wp-json\/wp\/v2\/pages\/57\/revisions\/235"}],"wp:attachment":[{"href":"http:\/\/shiatsunetwork.org\/fr\/wp-json\/wp\/v2\/media?parent=57"}],"curies":[{"name":"wp","href":"https:\/\/api.w.org\/{rel}","templated":true}]}}