{"id":51,"date":"2015-06-24T11:33:36","date_gmt":"2015-06-24T11:33:36","guid":{"rendered":"http:\/\/isn.pastos.de\/?page_id=51"},"modified":"2017-11-21T14:54:16","modified_gmt":"2017-11-21T14:54:16","slug":"federation-nationales","status":"publish","type":"page","link":"http:\/\/shiatsunetwork.org\/fr\/federation-nationales\/","title":{"rendered":"F\u00e9d\u00e9rations Nationales"},"content":{"rendered":"<p>Les F\u00e9d\u00e9rations nationales Shiatsu d\u00e9veloppent et garantissent l&rsquo;identit\u00e9 du Shiatsu et la qualit\u00e9 de la formation professionnelle ainsi que la pratique professionnelle dans leur pays.<\/p>\n<p>Elles d\u00e9finissent le Shiatsu et sa position dans la soci\u00e9t\u00e9 et la culture nationale.<\/p>\n<p>Elles d\u00e9finissent le profil professionnel du praticien en \u202fShiatsu et les comp\u00e9tences qui doivent \u00eatre acquises dans la formation.<\/p>\n<p>Elles garantissent la qualit\u00e9 de la formation professionnelle et celles des \u202fenseignants.<\/p>\n<p>Elles soutiennent et garantissent la qualit\u00e9 de leurs membres en leur demandant de garder des normes ad\u00e9quates.<\/p>\n<p>Elles d\u00e9finissent un code de et de d\u00e9ontologie garantissant leurs objectifs et \u202fleurs principes afin qu\u2019ils soient respect\u00e9s par leurs membres, et veillent \u00e0 ce que les violations soient sanctionn\u00e9es.<\/p>\n<p>Ils ont pour but que le Shiatsu atteigne le statut d&rsquo;une profession reconnue.<\/p>\n<p>En Suisse Shiatsu est une m\u00e9thode reconnue comme th\u00e9rapie compl\u00e9mentaire par l\u2019\u00e9tat helv\u00e9tique. L&rsquo;association est responsable de la m\u00e9thode et sa description. L\u2019 OdA KT (organisation du travail pour la th\u00e9rapie compl\u00e9mentaire) a la souverainet\u00e9 de l&rsquo;accr\u00e9ditation des m\u00e9thodes, les \u00e9coles avec le programme d&rsquo;\u00e9tudes,\u202f la proc\u00e9dure d\u2019\u00e9quivalence et l&rsquo;examen sup\u00e9rieur. -&gt;\u202f<a href=\"http:\/\/www.oda-kt.ch\/\">Www.oda-kt.ch<\/a><\/p>\n<p>&nbsp;<\/p>\n","protected":false},"excerpt":{"rendered":"<p>Les F\u00e9d\u00e9rations nationales Shiatsu d\u00e9veloppent et garantissent l&rsquo;identit\u00e9 du Shiatsu et la qualit\u00e9 de la formation professionnelle ainsi que la pratique professionnelle dans leur pays. Elles d\u00e9finissent le Shiatsu et sa position dans la soci\u00e9t\u00e9 et la culture nationale. Elles d\u00e9finissent le profil professionnel du praticien en \u202fShiatsu et les &#8230;<\/p>\n","protected":false},"author":1,"featured_media":0,"parent":0,"menu_order":0,"comment_status":"closed","ping_status":"open","template":"","meta":[],"_links":{"self":[{"href":"http:\/\/shiatsunetwork.org\/fr\/wp-json\/wp\/v2\/pages\/51"}],"collection":[{"href":"http:\/\/shiatsunetwork.org\/fr\/wp-json\/wp\/v2\/pages"}],"about":[{"href":"http:\/\/shiatsunetwork.org\/fr\/wp-json\/wp\/v2\/types\/page"}],"author":[{"embeddable":true,"href":"http:\/\/shiatsunetwork.org\/fr\/wp-json\/wp\/v2\/users\/1"}],"replies":[{"embeddable":true,"href":"http:\/\/shiatsunetwork.org\/fr\/wp-json\/wp\/v2\/comments?post=51"}],"version-history":[{"count":8,"href":"http:\/\/shiatsunetwork.org\/fr\/wp-json\/wp\/v2\/pages\/51\/revisions"}],"predecessor-version":[{"id":194,"href":"http:\/\/shiatsunetwork.org\/fr\/wp-json\/wp\/v2\/pages\/51\/revisions\/194"}],"wp:attachment":[{"href":"http:\/\/shiatsunetwork.org\/fr\/wp-json\/wp\/v2\/media?parent=51"}],"curies":[{"name":"wp","href":"https:\/\/api.w.org\/{rel}","templated":true}]}}