{"id":42,"date":"2015-06-24T11:32:10","date_gmt":"2015-06-24T11:32:10","guid":{"rendered":"http:\/\/isn.pastos.de\/?page_id=42"},"modified":"2017-11-24T20:27:38","modified_gmt":"2017-11-24T20:27:38","slug":"profession","status":"publish","type":"page","link":"http:\/\/shiatsunetwork.org\/fr\/profession\/","title":{"rendered":"Profession"},"content":{"rendered":"<p><strong>Les buts du Shiatsu<\/strong><strong>\u00a0<\/strong><\/p>\n<ul>\n<li>stimuler le syst\u00e8me d\u2019auto r\u00e9gulation de l&rsquo;organisme<\/li>\n<li>lib\u00e9rer les tensions et les blocages \u00e9nerg\u00e9tiques<\/li>\n<li>favoriser la circulation de l&rsquo;\u00e9nergie vitale<\/li>\n<li>\u00e9quilibrer le syst\u00e8me \u00e9nerg\u00e9tique d&rsquo;une personne dans sa globalit\u00e9 (corps et esprit)<\/li>\n<li>accro\u00eetre la conscience de soi du patient et l\u2019auto-responsabilit\u00e9 de sa sant\u00e9.<\/li>\n<\/ul>\n<p>Le Shiatsu est pratiqu\u00e9 dans diff\u00e9rents domaines. Il peut aider et accompagner les personnes afin de\u00a0:<\/p>\n<ul>\n<li>maintenir, am\u00e9liorer et renforcer leur sant\u00e9 physique et psychique<\/li>\n<li>obtenir une relaxation profonde de leur corps et de leur esprit<\/li>\n<li>\u00e9tablir des liens avec la personnalit\u00e9 physique et mentale<\/li>\n<li>prendre en charge les patients dans les situations difficiles (crises)<\/li>\n<li>d\u00e9velopper leur potentiel propre.<\/li>\n<\/ul>\n<p>&nbsp;<\/p>\n","protected":false},"excerpt":{"rendered":"<p>Les buts du Shiatsu\u00a0 stimuler le syst\u00e8me d\u2019auto r\u00e9gulation de l&rsquo;organisme lib\u00e9rer les tensions et les blocages \u00e9nerg\u00e9tiques favoriser la circulation de l&rsquo;\u00e9nergie vitale \u00e9quilibrer le syst\u00e8me \u00e9nerg\u00e9tique d&rsquo;une personne dans sa globalit\u00e9 (corps et esprit) accro\u00eetre la conscience de soi du patient et l\u2019auto-responsabilit\u00e9 de sa sant\u00e9. Le Shiatsu &#8230;<\/p>\n","protected":false},"author":1,"featured_media":0,"parent":0,"menu_order":0,"comment_status":"closed","ping_status":"open","template":"","meta":[],"_links":{"self":[{"href":"http:\/\/shiatsunetwork.org\/fr\/wp-json\/wp\/v2\/pages\/42"}],"collection":[{"href":"http:\/\/shiatsunetwork.org\/fr\/wp-json\/wp\/v2\/pages"}],"about":[{"href":"http:\/\/shiatsunetwork.org\/fr\/wp-json\/wp\/v2\/types\/page"}],"author":[{"embeddable":true,"href":"http:\/\/shiatsunetwork.org\/fr\/wp-json\/wp\/v2\/users\/1"}],"replies":[{"embeddable":true,"href":"http:\/\/shiatsunetwork.org\/fr\/wp-json\/wp\/v2\/comments?post=42"}],"version-history":[{"count":6,"href":"http:\/\/shiatsunetwork.org\/fr\/wp-json\/wp\/v2\/pages\/42\/revisions"}],"predecessor-version":[{"id":182,"href":"http:\/\/shiatsunetwork.org\/fr\/wp-json\/wp\/v2\/pages\/42\/revisions\/182"}],"wp:attachment":[{"href":"http:\/\/shiatsunetwork.org\/fr\/wp-json\/wp\/v2\/media?parent=42"}],"curies":[{"name":"wp","href":"https:\/\/api.w.org\/{rel}","templated":true}]}}