{"id":39,"date":"2015-06-24T11:31:46","date_gmt":"2015-06-24T11:31:46","guid":{"rendered":"http:\/\/isn.pastos.de\/?page_id=39"},"modified":"2016-12-16T14:57:04","modified_gmt":"2016-12-16T14:57:04","slug":"shiatsu","status":"publish","type":"page","link":"http:\/\/shiatsunetwork.org\/fr\/shiatsu\/","title":{"rendered":"Shiatsu"},"content":{"rendered":"<p>En japonais &laquo;&nbsp;Shiatsu&nbsp;&raquo; signifie litt\u00e9ralement \u00abpression des doigts\u00bb et comprend le suivi du flux de l\u2019\u00e9nergie dans le corps, par palpation.<\/p>\n<p>Le Shiatsu est une discipline manuelle, compl\u00e9mentaire. C\u2019est une m\u00e9thode efficace renfor\u00e7ant les facteurs d&rsquo;autor\u00e9gulation, encourageant la perception de soi et facilitant la convalescence. Il permet ainsi d\u2019appr\u00e9hender la fa\u00e7on de vivre comme un art selon la philosophie orientale traditionnelle.<\/p>\n<p>Le Shiatsu est \u00e9galement influenc\u00e9 par la recherche occidentale actuelle sur la sant\u00e9 et les styles de vie.<\/p>\n<p>Le praticien en Shiatsu tient compte de la situation de la personne. Il la met dans son unicit\u00e9 ainsi qu\u2019il revivifie son centre (hara) et permet ainsi un meilleur \u00e9quilibre de son organisme.<\/p>\n<p>Le Shiatsu favorise la gu\u00e9rison des personnes atteintes de maladies, ou celles en \u00e9tat de faiblesse. Il am\u00e9liore les chances de gu\u00e9rison et aide les patients convalescents.<\/p>\n<p>Le Shiatsu accompagne et soutient la personne dans ses changements de vie, ainsi que dans ses capacit\u00e9s d\u2019adaptation et d\u2019\u00e9volution.<\/p>\n<p>&nbsp;<\/p>\n","protected":false},"excerpt":{"rendered":"<p>En japonais &laquo;&nbsp;Shiatsu&nbsp;&raquo; signifie litt\u00e9ralement \u00abpression des doigts\u00bb et comprend le suivi du flux de l\u2019\u00e9nergie dans le corps, par palpation. Le Shiatsu est une discipline manuelle, compl\u00e9mentaire. C\u2019est une m\u00e9thode efficace renfor\u00e7ant les facteurs d&rsquo;autor\u00e9gulation, encourageant la perception de soi et facilitant la convalescence. Il permet ainsi d\u2019appr\u00e9hender la &#8230;<\/p>\n","protected":false},"author":1,"featured_media":0,"parent":0,"menu_order":0,"comment_status":"closed","ping_status":"open","template":"","meta":[],"_links":{"self":[{"href":"http:\/\/shiatsunetwork.org\/fr\/wp-json\/wp\/v2\/pages\/39"}],"collection":[{"href":"http:\/\/shiatsunetwork.org\/fr\/wp-json\/wp\/v2\/pages"}],"about":[{"href":"http:\/\/shiatsunetwork.org\/fr\/wp-json\/wp\/v2\/types\/page"}],"author":[{"embeddable":true,"href":"http:\/\/shiatsunetwork.org\/fr\/wp-json\/wp\/v2\/users\/1"}],"replies":[{"embeddable":true,"href":"http:\/\/shiatsunetwork.org\/fr\/wp-json\/wp\/v2\/comments?post=39"}],"version-history":[{"count":12,"href":"http:\/\/shiatsunetwork.org\/fr\/wp-json\/wp\/v2\/pages\/39\/revisions"}],"predecessor-version":[{"id":197,"href":"http:\/\/shiatsunetwork.org\/fr\/wp-json\/wp\/v2\/pages\/39\/revisions\/197"}],"wp:attachment":[{"href":"http:\/\/shiatsunetwork.org\/fr\/wp-json\/wp\/v2\/media?parent=39"}],"curies":[{"name":"wp","href":"https:\/\/api.w.org\/{rel}","templated":true}]}}