{"id":30,"date":"2015-06-24T11:28:35","date_gmt":"2015-06-24T11:28:35","guid":{"rendered":"http:\/\/isn.pastos.de\/?page_id=30"},"modified":"2017-11-24T20:33:20","modified_gmt":"2017-11-24T20:33:20","slug":"histoire","status":"publish","type":"page","link":"http:\/\/shiatsunetwork.org\/fr\/histoire\/","title":{"rendered":"Histoire"},"content":{"rendered":"<p>Le Shiatsu trouve ses racines dans la philosophie et l&rsquo;\u00e9ducation m\u00e9dicale traditionnelle orientale, sp\u00e9cialement en Chine et au Japon.<\/p>\n<p>Au Japon, le Shiatsu est officiellement reconnu depuis 1964 comme une profession, une m\u00e9thode compl\u00e9mentaire\u00a0 de traitement. Il s\u2019est continuellement \u00e9tendu et d\u00e9velopp\u00e9 en Europe et dans le monde, o\u00f9 il a adopt\u00e9 sa propre forme originale.<\/p>\n<p>Dans la tradition du Shiatsu, des personnalit\u00e9s, avec leur style individuel, ont jou\u00e9 un r\u00f4le particuli\u00e8rement significatif :<\/p>\n<ul>\n<li>Tenpeki Tamai a choisi le nom \u00ab\u202fShiatsu\u202f\u00bb en 1919, comme repr\u00e9sentant l&rsquo;application th\u00e9rapeutique des techniques manuelles traditionnelles.<\/li>\n<\/ul>\n<ul>\n<li>Tokujiro Namikoshi (1905 &#8211; 2000) a d\u00e9velopp\u00e9 un style de Shiatsu davantage bas\u00e9 sur la structure physique du corps, en conformit\u00e9 avec la m\u00e9decine occidentale (anatomie-physiologie). Il a combin\u00e9 ces principes avec la connaissance traditionnelle orientale de l&rsquo;\u00e9nergie.<\/li>\n<\/ul>\n<p>Le style de Tokujiro Namikoshi a atteint principalement au Japon un haut niveau de popularit\u00e9. En 1964 il a obtenu de l&rsquo;\u00c9tat japonais la reconnaissance du shiatsu en tant que th\u00e9rapie \u00e0 part enti\u00e8re.<\/p>\n<ul>\n<li>Shizuto Masunaga (1925 &#8211; 1981) d\u2019abord enseignant \u00e0 l&rsquo;\u00e9cole Namikoshi, a fond\u00e9 le style Ioka\u00ef, ax\u00e9 sur des techniques manuelles traditionnelles et les th\u00e9ories de la M\u00e9decine Traditionnelle Chinoise (MTC). En outre, il a int\u00e9gr\u00e9 des aspects philosophiques et psychologiques dans sa conception du Shiatsu. Il a compl\u00e9t\u00e9 la th\u00e9orie des m\u00e9ridiens et a d\u00e9velopp\u00e9 des techniques de Shiatsu suppl\u00e9mentaires.<\/li>\n<\/ul>\n<p>Son style s\u2019est r\u00e9pandu largement dans la plupart des pays occidentaux.<\/p>\n<p>&nbsp;<\/p>\n","protected":false},"excerpt":{"rendered":"<p>Le Shiatsu trouve ses racines dans la philosophie et l&rsquo;\u00e9ducation m\u00e9dicale traditionnelle orientale, sp\u00e9cialement en Chine et au Japon. Au Japon, le Shiatsu est officiellement reconnu depuis 1964 comme une profession, une m\u00e9thode compl\u00e9mentaire\u00a0 de traitement. Il s\u2019est continuellement \u00e9tendu et d\u00e9velopp\u00e9 en Europe et dans le monde, o\u00f9 il &#8230;<\/p>\n","protected":false},"author":1,"featured_media":0,"parent":0,"menu_order":0,"comment_status":"closed","ping_status":"open","template":"","meta":[],"_links":{"self":[{"href":"http:\/\/shiatsunetwork.org\/fr\/wp-json\/wp\/v2\/pages\/30"}],"collection":[{"href":"http:\/\/shiatsunetwork.org\/fr\/wp-json\/wp\/v2\/pages"}],"about":[{"href":"http:\/\/shiatsunetwork.org\/fr\/wp-json\/wp\/v2\/types\/page"}],"author":[{"embeddable":true,"href":"http:\/\/shiatsunetwork.org\/fr\/wp-json\/wp\/v2\/users\/1"}],"replies":[{"embeddable":true,"href":"http:\/\/shiatsunetwork.org\/fr\/wp-json\/wp\/v2\/comments?post=30"}],"version-history":[{"count":8,"href":"http:\/\/shiatsunetwork.org\/fr\/wp-json\/wp\/v2\/pages\/30\/revisions"}],"predecessor-version":[{"id":198,"href":"http:\/\/shiatsunetwork.org\/fr\/wp-json\/wp\/v2\/pages\/30\/revisions\/198"}],"wp:attachment":[{"href":"http:\/\/shiatsunetwork.org\/fr\/wp-json\/wp\/v2\/media?parent=30"}],"curies":[{"name":"wp","href":"https:\/\/api.w.org\/{rel}","templated":true}]}}