{"id":23,"date":"2015-06-23T14:09:39","date_gmt":"2015-06-23T14:09:39","guid":{"rendered":"http:\/\/isn.pastos.de\/?page_id=23"},"modified":"2017-12-05T16:08:03","modified_gmt":"2017-12-05T16:08:03","slug":"reconnaissance","status":"publish","type":"page","link":"http:\/\/shiatsunetwork.org\/fr\/reconnaissance\/","title":{"rendered":"Reconnaissance"},"content":{"rendered":"<p class=\"title\">Les membres de l&rsquo;ISN invitent le monde politique et institutionnel \u00e0:<\/p>\n<p>Accepter que la d\u00e9finition du shiatsu, du profil professionnel, de la formation professionnelle, du code d&rsquo;\u00e9thique et d&rsquo;autres instruments de d\u00e9veloppement et de contr\u00f4le de la qualit\u00e9 soit la v\u00e9ritable t\u00e2che des f\u00e9d\u00e9rations nationales de Shiatsu.<\/p>\n<p>Accepter les f\u00e9d\u00e9rations nationales de Shiatsu en tant que partenaires dans les n\u00e9gociations concernant la r\u00e9glementation nationale du Shiatsu, car il est d\u00e9j\u00e0 une r\u00e9alit\u00e9 en Suisse.<\/p>\n<p>En Suisse, le shiatsu est une m\u00e9thode reconnue de la th\u00e9rapie compl\u00e9mentaire. L&rsquo;association est responsable de la m\u00e9thode et de sa description. L&rsquo;OdA KT (Organisation de Travail pour la Th\u00e9rapie Compl\u00e9mentaire) a la souverainet\u00e9 de l&rsquo;accr\u00e9ditation des m\u00e9thodes, l&rsquo;accr\u00e9ditation de la formation \/ curriculum des \u00e9coles, le proc\u00e8s d&rsquo;\u00e9quivalence et l&rsquo;examen professionnel sup\u00e9rieur avec dipl\u00f4me f\u00e9d\u00e9ral. -&gt; www.oda-kt.ch<\/p>\n<p>Reconna\u00eetre l\u2019ISN comme le repr\u00e9sentant international de ses f\u00e9d\u00e9rations nationales Shiatsu.<\/p>\n<p>Reconna\u00eetre que le Shiatsu comme est une m\u00e9thode naturelle et holistique dont le but est de promouvoir\u202fle bien-\u00eatre-sant\u00e9\u202fse pratiquant sans aucun risque pour les receveurs.<\/p>\n<p>Reconna\u00eetre que le Shiatsu comme une profession est pratiqu\u00e9e comme soutien\u202fde sant\u00e9, m\u00eame quand il est appliqu\u00e9 aux personnes pr\u00e9sentant des troubles de sant\u00e9 ou de maladie.<\/p>\n<p>Reconna\u00eetre que la pratique professionnelle du Shiatsu exige les qualifications \u00e9quivalentes aux normes des membres de l\u2019 ISN, m\u00eame s\u2019il est pratiqu\u00e9 dans le cadre d&rsquo;autres professions.<\/p>\n<p>&nbsp;<\/p>\n<p>&nbsp;<\/p>\n<p>&nbsp;<\/p>\n<div class=\"node\"><\/div>\n","protected":false},"excerpt":{"rendered":"<p>Les membres de l&rsquo;ISN invitent le monde politique et institutionnel \u00e0: Accepter que la d\u00e9finition du shiatsu, du profil professionnel, de la formation professionnelle, du code d&rsquo;\u00e9thique et d&rsquo;autres instruments de d\u00e9veloppement et de contr\u00f4le de la qualit\u00e9 soit la v\u00e9ritable t\u00e2che des f\u00e9d\u00e9rations nationales de Shiatsu. Accepter les f\u00e9d\u00e9rations &#8230;<\/p>\n","protected":false},"author":1,"featured_media":0,"parent":0,"menu_order":0,"comment_status":"closed","ping_status":"open","template":"","meta":[],"_links":{"self":[{"href":"http:\/\/shiatsunetwork.org\/fr\/wp-json\/wp\/v2\/pages\/23"}],"collection":[{"href":"http:\/\/shiatsunetwork.org\/fr\/wp-json\/wp\/v2\/pages"}],"about":[{"href":"http:\/\/shiatsunetwork.org\/fr\/wp-json\/wp\/v2\/types\/page"}],"author":[{"embeddable":true,"href":"http:\/\/shiatsunetwork.org\/fr\/wp-json\/wp\/v2\/users\/1"}],"replies":[{"embeddable":true,"href":"http:\/\/shiatsunetwork.org\/fr\/wp-json\/wp\/v2\/comments?post=23"}],"version-history":[{"count":13,"href":"http:\/\/shiatsunetwork.org\/fr\/wp-json\/wp\/v2\/pages\/23\/revisions"}],"predecessor-version":[{"id":234,"href":"http:\/\/shiatsunetwork.org\/fr\/wp-json\/wp\/v2\/pages\/23\/revisions\/234"}],"wp:attachment":[{"href":"http:\/\/shiatsunetwork.org\/fr\/wp-json\/wp\/v2\/media?parent=23"}],"curies":[{"name":"wp","href":"https:\/\/api.w.org\/{rel}","templated":true}]}}