{"id":219,"date":"2017-11-23T17:07:59","date_gmt":"2017-11-23T17:07:59","guid":{"rendered":"http:\/\/shiatsunetwork.org\/fr\/?page_id=219"},"modified":"2017-11-30T10:20:18","modified_gmt":"2017-11-30T10:20:18","slug":"curriculum","status":"publish","type":"page","link":"http:\/\/shiatsunetwork.org\/fr\/curriculum\/","title":{"rendered":"Curriculum"},"content":{"rendered":"<p><strong><u>Ressources m\u00e9thodiques<\/u><\/strong><\/p>\n<ol>\n<li><strong>Connaissances<\/strong><\/li>\n<\/ol>\n<p>Les comp\u00e9tences du praticien, en fonction du style de shiatsu pratiqu\u00e9, comprennent les points suivants\u00a0:<\/p>\n<ul>\n<li>Aspects philosophiques et th\u00e9oriques du concept de sant\u00e9 d&rsquo;Asie de l&rsquo;Est* et leurs importance pour le travail en Shiatsu<\/li>\n<li>Connaissance de l&rsquo;interaction\u00a0du praticien\u00a0avec son client et les\u00a0effets de son attitude sur le client.<\/li>\n<li>Le concept de Yin &amp; Yang<\/li>\n<li>Syst\u00e8mes de m\u00e9ridiens et fonctions psychiques et physiques des m\u00e9ridiens<\/li>\n<li>Les cinq mouvements et leur dynamique<\/li>\n<li>Le Hara et les zones du dos<\/li>\n<li>La th\u00e9orie de Kyo &amp; Jitsu<\/li>\n<li>Points Yu et Bo<\/li>\n<li>Histoire, th\u00e9ories et syst\u00e8mes du Shiatsu (par exemple les racines du Shiatsu et les diff\u00e9rents styles de Shiatsu)<\/li>\n<li>Fondements anatomiques et physiologiques par rapport aux contenus sp\u00e9cifiques au Shiatsu<\/li>\n<li>les parcours des m\u00e9ridiens<\/li>\n<li>localisation de Tsubos ou de points<\/li>\n<li>fonctions des organes selon les th\u00e9ories de la M\u00e9decine Traditionnelle Chinoise<\/li>\n<li>Compr\u00e9hension du Ki<\/li>\n<li>Caract\u00e9ristiques des Tsubos \/ points<\/li>\n<\/ul>\n<p>Les associations nationales de shiatsu\u00a0 d\u00e9finissent le profil professionnel et des comp\u00e9tences qui doivent \u00eatre acquises pendant la formation. Les associations soutiennent et garantissent la qualit\u00e9 par des standards appropri\u00e9s, en particulier par rapport au code de d\u00e9ontologie<\/p>\n<p>* Chine, Japon<\/p>\n<ol start=\"2\">\n<li><strong>Comp\u00e9tences<\/strong><\/li>\n<\/ol>\n<p>L&rsquo;\u00e9tudiant en shiatsu a appris l&rsquo;importance d&rsquo;\u00eatre centr\u00e9 sur l&rsquo;int\u00e9rieur et conscient de ce qui se d\u00e9roule \u00e0 l&rsquo;ext\u00e9rieur pendant la dur\u00e9e de la s\u00e9ance avec le client.<\/p>\n<p><em><strong>Rencontre<\/strong><\/em><\/p>\n<ul>\n<li>Communiquer avec le client de fa\u00e7on convenable<\/li>\n<li>Discuter des raisons d&rsquo;\u00eatre venu, des exigences et des souhaits du client en ce qui concerne le Shiatsu<\/li>\n<li>Au cours de la conversation avec le client, reconna\u00eetre et identifier les ressources existantes<\/li>\n<li>Discuter du traitement par rapport aux cinq \u00e9l\u00e9ments<\/li>\n<li>Informer le client de fa\u00e7on ad\u00e9quate sur les aspects fondamentaux du Shiatsu par rapport \u00e0 la philosophie d&rsquo;Asie de l&rsquo;Est.<\/li>\n<li>Convenir avec le client du style de la s\u00e9ance et des proc\u00e9dures de soins possibles.<\/li>\n<li>Discuter des approches globales possibles par le Shiatsu et recueillir le consentement du client<\/li>\n<li>Proposer une posture corporelle pour la s\u00e9ance qui soit ad\u00e9quate et confortable pour le client. Discuter de ses limites en ce qui concerne le toucher, et de l\u2019ad\u00e9quation de la tenue vestimentaire.<\/li>\n<li>Effectuer une \u00e9valuation \u00e9nerg\u00e9tique sp\u00e9cifique au Shiatsu sur la base de l\u2019entretien pr\u00e9alable, de l&rsquo;observation et de la palpation des zones \u00e9nerg\u00e9tiques.<\/li>\n<\/ul>\n<p>Ma\u00eetriser et combiner les m\u00e9thodes d&rsquo;\u00e9valuation suivantes de Shiatsu sp\u00e9cifiques:<\/p>\n<ul>\n<li>Bo Shin<\/li>\n<li>Mon Shin<\/li>\n<li>Bun Shin<\/li>\n<li>Setsu Shin<\/li>\n<li>\u00c9valuation dans le Hara et sur le dos<\/li>\n<li>Kyo &amp; Jitsu<\/li>\n<li>Points Yu et Bo<\/li>\n<li>Planifiez les s\u00e9ances sur la base de l&rsquo;\u00e9valuation \u00e9nerg\u00e9tique sp\u00e9cifique du Shiatsu et et des souhaits recueillis lors de l\u2019entretien<\/li>\n<\/ul>\n<p><strong>\u00a0<em>Pendant la s\u00e9ance de Shiatsu<\/em><\/strong><\/p>\n<ul>\n<li>Application consciente des techniques de la focalisation interne afin d&rsquo;interagir et d\u2019\u00eatre en r\u00e9sonance avec le client:\n<ul>\n<li>attitude neutre<\/li>\n<li>attitude involontaire<\/li>\n<li>pleine conscience<\/li>\n<li>centrage: axe entre ciel et terre \/ contact avec la colonne vert\u00e9brale et \/ ou hara<\/li>\n<li>Soin en relation \u00e9troite avec le processus \u00e9nerg\u00e9tique<\/li>\n<li>Techniques de d\u00e9placement fluides autour du client et toucher respectueux<\/li>\n<li>Positions sp\u00e9cifiques au Shiatsu, techniques et proc\u00e9dures de traitement:<\/li>\n<li>Positionnement du client :<\/li>\n<li>position de lat\u00e9ralit\u00e9, position couch\u00e9e, sur le futon et sur table de massage<\/li>\n<li>position assise, sur le futon ou sur la chaise<\/li>\n<\/ul>\n<\/li>\n<li>Postures sp\u00e9cifiques du praticien Shiatsu int\u00e9grant de la fluidit\u00e9 des transitions de ses appuis.<\/li>\n<li>Techniques: travailler avec la main \u00abm\u00e8re\u00bb \/ la main de travail, les paumes des mains, le pouce, les doigts, les genoux et les coudes perpendiculaires au corps<\/li>\n<li>Etirements, rotations, mobilisations<\/li>\n<li>Travail des m\u00e9ridiens<\/li>\n<li>Qualit\u00e9 sp\u00e9cifique du toucher en Shiatsu<\/li>\n<li>Appui profond<\/li>\n<li>Structure et proc\u00e9dure d&rsquo;un soin Shiatsu sur la base d&rsquo;une \u00e9valuation \u00e9nerg\u00e9tique<\/li>\n<li>Int\u00e9gration des exp\u00e9riences au niveau du corps, du mental par le travail des m\u00e9ridiens selon leurs fonctions.<\/li>\n<\/ul>\n<p><em><strong>Int\u00e9gration au cours du traitement<\/strong><\/em><\/p>\n<ul>\n<li>Adaptation continue de l\u2019appr\u00e9ciation \u00e9nerg\u00e9tique sp\u00e9cifique au processus engendr\u00e9 par les s\u00e9ances de Shiatsu<\/li>\n<li>Utiliser le calme m\u00e9ditatif et la conscience pour accompagner le client afin qu&rsquo;il puisse \u00abs\u2019\u00e9couter \u00bb et prendre conscience de lui-m\u00eame.<\/li>\n<li>Aider le client \u00e0 faire l&rsquo;exp\u00e9rience d&rsquo;une perception consciente des effets d&rsquo;\u00e9quilibrage qui se produisent inconsciemment pendant le shiatsu. Aider le client \u00e0 les verbaliser si n\u00e9cessaire afin de mettre en \u00e9vidence ses ressources inconscientes existantes et pouvoir les utiliser.<\/li>\n<\/ul>\n<p><em><strong>Suivi<\/strong><\/em><\/p>\n<ul>\n<li>Analyser le processus \u00e9nerg\u00e9tique avec le client<\/li>\n<li>Conversation avec le client afin d&rsquo;\u00e9changer ce que les deux parties ont pu ressentir \u00e0 partir aux sympt\u00f4mes en rapport \u00e0 la th\u00e9orie des Cinq \u00c9l\u00e9ments et \/ ou \u00e0 la fonction des m\u00e9ridiens<\/li>\n<li>analogies, images, visualisations en rapport avec Yin &amp; Yang et les Cinq \u00c9l\u00e9ments<\/li>\n<li>Cr\u00e9er de nouvelles ressources en relation avec les exp\u00e9riences \u00e9nerg\u00e9tiques \u00e0 travers le dialogue avec le client<\/li>\n<li>Soutenir le client en recommandant un mode de vie sain.<\/li>\n<li>Indiquer des exercices corporels sp\u00e9cifiques au Shiatsu :<\/li>\n<li>Exercices pour \u00e9tirer les m\u00e9ridiens<\/li>\n<li>Do In<\/li>\n<li>Exercices \u00e9nerg\u00e9tiques simples<\/li>\n<\/ul>\n<p><strong><em>Attitude<\/em><\/strong><\/p>\n<p>Le praticien Shiatsu est centr\u00e9 sur l&rsquo;int\u00e9rieur, et conscient de l&rsquo;ext\u00e9rieur, respecte le style de vie du client. Le praticien est conscient de sa propre personnalit\u00e9 et de ses propres ressources.<\/p>\n<p>&nbsp;<\/p>\n","protected":false},"excerpt":{"rendered":"<p>Ressources m\u00e9thodiques Connaissances Les comp\u00e9tences du praticien, en fonction du style de shiatsu pratiqu\u00e9, comprennent les points suivants\u00a0: Aspects philosophiques et th\u00e9oriques du concept de sant\u00e9 d&rsquo;Asie de l&rsquo;Est* et leurs importance pour le travail en Shiatsu Connaissance de l&rsquo;interaction\u00a0du praticien\u00a0avec son client et les\u00a0effets de son attitude sur le &#8230;<\/p>\n","protected":false},"author":6,"featured_media":0,"parent":0,"menu_order":0,"comment_status":"closed","ping_status":"closed","template":"","meta":[],"_links":{"self":[{"href":"http:\/\/shiatsunetwork.org\/fr\/wp-json\/wp\/v2\/pages\/219"}],"collection":[{"href":"http:\/\/shiatsunetwork.org\/fr\/wp-json\/wp\/v2\/pages"}],"about":[{"href":"http:\/\/shiatsunetwork.org\/fr\/wp-json\/wp\/v2\/types\/page"}],"author":[{"embeddable":true,"href":"http:\/\/shiatsunetwork.org\/fr\/wp-json\/wp\/v2\/users\/6"}],"replies":[{"embeddable":true,"href":"http:\/\/shiatsunetwork.org\/fr\/wp-json\/wp\/v2\/comments?post=219"}],"version-history":[{"count":4,"href":"http:\/\/shiatsunetwork.org\/fr\/wp-json\/wp\/v2\/pages\/219\/revisions"}],"predecessor-version":[{"id":227,"href":"http:\/\/shiatsunetwork.org\/fr\/wp-json\/wp\/v2\/pages\/219\/revisions\/227"}],"wp:attachment":[{"href":"http:\/\/shiatsunetwork.org\/fr\/wp-json\/wp\/v2\/media?parent=219"}],"curies":[{"name":"wp","href":"https:\/\/api.w.org\/{rel}","templated":true}]}}