{"id":21,"date":"2015-06-23T13:34:50","date_gmt":"2015-06-23T13:34:50","guid":{"rendered":"http:\/\/isn.pastos.de\/?page_id=21"},"modified":"2017-11-24T20:30:57","modified_gmt":"2017-11-24T20:30:57","slug":"isn-2","status":"publish","type":"page","link":"http:\/\/shiatsunetwork.org\/fr\/","title":{"rendered":"ISN"},"content":{"rendered":"<p>L<strong>\u2019International Shiatsu Network\u00a0<\/strong>(ISN) est une association sans but lucratif regroupant des f\u00e9d\u00e9rations nationales de Shiatsu. L\u2019ISN a \u00e9t\u00e9 cr\u00e9\u00e9 par les associations suivantes, qui repr\u00e9sentent environ 6000 praticiens de Shiatsu et plus de 100 \u00e9coles, en fait la majorit\u00e9 des praticiens professionnels de Shiatsu en Europe.<\/p>\n<p><strong>FFST: F\u00e9d\u00e9ration Fran\u00e7aise de\u202fShiatsu Traditionnel (F)<br \/>\n<\/strong><strong>FISieo &#8211; Federazione Italiana Shiatsu Insegnanti e Operatori (I)<br \/>\nGSD: Gesellschaft f\u00fcr Shiatsu Deutschland (D)<br \/>\nSGS: Shiatsu Gesellschaft Schweiz (CH)<\/strong><\/p>\n<p><strong>NSE: Namikoshi Shiatsu l&rsquo;Europe<\/strong><\/p>\n<p>La vocation principale de l&rsquo;ISN est d\u2019\u00eatre une plateforme pour l&rsquo;\u00e9change d&rsquo;informations et la coop\u00e9ration entre les f\u00e9d\u00e9rations nationales dans le monde.<\/p>\n<p>L\u2019ISN se soucie \u00e9galement du d\u00e9veloppement de cette discipline afin de garantir un haut niveau professionnel de Shiatsu.<\/p>\n<p>L\u2019International Shiatsu Network soutient la reconnaissance du Shiatsu comme une profession dans le monde entier.\u202fVia NSE, le r\u00e9seau est \u00e9galement connect\u00e9, au Japon, au Shiatsu College de Tokyo.<\/p>\n<p>L\u2019ISN a pour objectifs de :<\/p>\n<ul>\n<li>propager, organiser et repr\u00e9senter le Shiatsu \u00e0 l\u2019international,<\/li>\n<li>soutenir mutuellement ses membres par des \u00e9changes d\u2019informations<\/li>\n<li>coordonner et mettre \u00e0 disposition des informations, situations juridiques,<\/li>\n<li>programmes,\u202fd\u00e9finitions, code d&rsquo;\u00e9thique, \u202fnormes de qualit\u00e9, etc.<\/li>\n<li>favoriser les \u00e9changes culturels, historiques, politiques et exp\u00e9riences didactiques, li\u00e9s au Shiatsu<\/li>\n<li>discuter et poursuivre des\u202fint\u00e9r\u00eats communs.<\/li>\n<li>coordonner et mettre \u00e0 disposition des informations, situations juridiques,\u00a0 programmes,\u202fd\u00e9finitions, code d&rsquo;\u00e9thique, \u202fnormes de qualit\u00e9, etc.<\/li>\n<li>favoriser les \u00e9changes culturels, historiques, politiques et exp\u00e9riences didactiques, li\u00e9s au Shiatsu<\/li>\n<li>discuter et poursuivre des\u202fint\u00e9r\u00eats communs<\/li>\n<\/ul>\n<p>L&rsquo;ISN est une structure \u00e9galitaire agissant au nom des F\u00e9d\u00e9rations membres.\u202fToutes les d\u00e9cisions de l&rsquo;ISN sont prises \u00e0 l&rsquo;unanimit\u00e9 et avec l&rsquo;approbation explicite des directions nationales.\u202fLes projets poursuivis au nom de l&rsquo;ISN sont l&rsquo;expression de la volont\u00e9 de toutes les associations membres. Ils sont r\u00e9alis\u00e9s sur une base volontaire par les membres participants.<\/p>\n<p>Les ressources et les moyens des associations membres, toutes de cultures diff\u00e9rentes, constituent la base organisationnelle et \u00e9conomique de l\u2019ISN.<\/p>\n<p>&nbsp;<\/p>\n","protected":false},"excerpt":{"rendered":"<p>L\u2019International Shiatsu Network\u00a0(ISN) est une association sans but lucratif regroupant des f\u00e9d\u00e9rations nationales de Shiatsu. L\u2019ISN a \u00e9t\u00e9 cr\u00e9\u00e9 par les associations suivantes, qui repr\u00e9sentent environ 6000 praticiens de Shiatsu et plus de 100 \u00e9coles, en fait la majorit\u00e9 des praticiens professionnels de Shiatsu en Europe. FFST: F\u00e9d\u00e9ration Fran\u00e7aise de\u202fShiatsu &#8230;<\/p>\n","protected":false},"author":1,"featured_media":0,"parent":0,"menu_order":0,"comment_status":"closed","ping_status":"open","template":"","meta":[],"_links":{"self":[{"href":"http:\/\/shiatsunetwork.org\/fr\/wp-json\/wp\/v2\/pages\/21"}],"collection":[{"href":"http:\/\/shiatsunetwork.org\/fr\/wp-json\/wp\/v2\/pages"}],"about":[{"href":"http:\/\/shiatsunetwork.org\/fr\/wp-json\/wp\/v2\/types\/page"}],"author":[{"embeddable":true,"href":"http:\/\/shiatsunetwork.org\/fr\/wp-json\/wp\/v2\/users\/1"}],"replies":[{"embeddable":true,"href":"http:\/\/shiatsunetwork.org\/fr\/wp-json\/wp\/v2\/comments?post=21"}],"version-history":[{"count":8,"href":"http:\/\/shiatsunetwork.org\/fr\/wp-json\/wp\/v2\/pages\/21\/revisions"}],"predecessor-version":[{"id":225,"href":"http:\/\/shiatsunetwork.org\/fr\/wp-json\/wp\/v2\/pages\/21\/revisions\/225"}],"wp:attachment":[{"href":"http:\/\/shiatsunetwork.org\/fr\/wp-json\/wp\/v2\/media?parent=21"}],"curies":[{"name":"wp","href":"https:\/\/api.w.org\/{rel}","templated":true}]}}