{"id":165,"date":"2016-11-17T16:24:47","date_gmt":"2016-11-17T16:24:47","guid":{"rendered":"http:\/\/shiatsunetwork.org\/fr\/?page_id=165"},"modified":"2016-11-17T17:30:46","modified_gmt":"2016-11-17T17:30:46","slug":"formation-professionnelle","status":"publish","type":"page","link":"http:\/\/shiatsunetwork.org\/fr\/formation-professionnelle\/","title":{"rendered":"Formation professionnelle"},"content":{"rendered":"<p>Pour d\u00e9velopper les comp\u00e9tences n\u00e9cessaires \u00e0 la pratique professionnelle du Shiatsu, les diff\u00e9rents \u00e9l\u00e9ments suivants doivent \u00eatre respect\u00e9s\u00a0:<\/p>\n<p><strong>\u00a0<\/strong><strong>Th\u00e9orie:<\/strong> la philosophie et les concepts de sant\u00e9 en Extr\u00eame-Orient et en Occident ainsi que leurs promotions; Histoire du Shiatsu, savoir de base dans les diff\u00e9rents styles Shiatsu.<\/p>\n<p><strong><br \/>\nTechniques:<\/strong> les styles diff\u00e9rents de pratique du Shiatsu et leur d&rsquo;\u00e9valuation. Leurs techniques sp\u00e9cifiques de traitement et de toucher.<\/p>\n<p><strong>\u00a0<\/strong><strong>Comp\u00e9tences personnelles<\/strong> : la conscience de soi, la m\u00e9ditation.<\/p>\n<p>Formation \u00e0 la pratique\u00a0au cours de la formation, comme receveur et donneur\u00a0: postures, \u00e9tudes de cas et supervision<\/p>\n<p><strong>\u00a0<\/strong><strong>Les comp\u00e9tences sociales <\/strong>: la communication, la collaboration pluridisciplinaire, les relations publiques, etc.<\/p>\n<p>L\u2019acquisition de l&rsquo;exp\u00e9rience pratique et le d\u00e9veloppement des comp\u00e9tences personnelles et sociales sont des objectifs importants de la formation. Ceux-ci sont indispensables pour acqu\u00e9rir la th\u00e9orie, les techniques et la comp\u00e9tence afin d\u2019am\u00e9liorer une pratique en harmonie avec des receveurs.<\/p>\n<p>La dur\u00e9e minimale de la formation de Shiatsu est de 3 ans.<\/p>\n<p>La formation doit \u00eatre valid\u00e9e par un examen f\u00e9d\u00e9ral th\u00e9orique et pratique.<\/p>\n<p>&nbsp;<\/p>\n<p>&nbsp;<\/p>\n<p>&nbsp;<\/p>\n","protected":false},"excerpt":{"rendered":"<p>Pour d\u00e9velopper les comp\u00e9tences n\u00e9cessaires \u00e0 la pratique professionnelle du Shiatsu, les diff\u00e9rents \u00e9l\u00e9ments suivants doivent \u00eatre respect\u00e9s\u00a0: \u00a0Th\u00e9orie: la philosophie et les concepts de sant\u00e9 en Extr\u00eame-Orient et en Occident ainsi que leurs promotions; Histoire du Shiatsu, savoir de base dans les diff\u00e9rents styles Shiatsu. Techniques: les styles diff\u00e9rents &#8230;<\/p>\n","protected":false},"author":6,"featured_media":0,"parent":0,"menu_order":0,"comment_status":"closed","ping_status":"closed","template":"","meta":[],"_links":{"self":[{"href":"http:\/\/shiatsunetwork.org\/fr\/wp-json\/wp\/v2\/pages\/165"}],"collection":[{"href":"http:\/\/shiatsunetwork.org\/fr\/wp-json\/wp\/v2\/pages"}],"about":[{"href":"http:\/\/shiatsunetwork.org\/fr\/wp-json\/wp\/v2\/types\/page"}],"author":[{"embeddable":true,"href":"http:\/\/shiatsunetwork.org\/fr\/wp-json\/wp\/v2\/users\/6"}],"replies":[{"embeddable":true,"href":"http:\/\/shiatsunetwork.org\/fr\/wp-json\/wp\/v2\/comments?post=165"}],"version-history":[{"count":6,"href":"http:\/\/shiatsunetwork.org\/fr\/wp-json\/wp\/v2\/pages\/165\/revisions"}],"predecessor-version":[{"id":206,"href":"http:\/\/shiatsunetwork.org\/fr\/wp-json\/wp\/v2\/pages\/165\/revisions\/206"}],"wp:attachment":[{"href":"http:\/\/shiatsunetwork.org\/fr\/wp-json\/wp\/v2\/media?parent=165"}],"curies":[{"name":"wp","href":"https:\/\/api.w.org\/{rel}","templated":true}]}}