{"id":162,"date":"2016-11-17T16:24:23","date_gmt":"2016-11-17T16:24:23","guid":{"rendered":"http:\/\/shiatsunetwork.org\/fr\/?page_id=162"},"modified":"2016-11-17T17:29:30","modified_gmt":"2016-11-17T17:29:30","slug":"competences","status":"publish","type":"page","link":"http:\/\/shiatsunetwork.org\/fr\/competences\/","title":{"rendered":"Comp\u00e9tences"},"content":{"rendered":"<p>Les F\u00e9d\u00e9rations Nationales de Shiatsu d\u00e9finissent les r\u00e8gles professionnelles du Shiatsu et les comp\u00e9tences qui doivent \u00eatre acquises tout au long de la formation.<\/p>\n<p>Elles soutiennent et garantissent le niveau de leurs membres en exigeant des normes ad\u00e9quates, en particulier le respect du code de d\u00e9ontologie. Elles coordonnent le d\u00e9veloppement du Shiatsu comme une profession de niveau international.<\/p>\n<p><em>En Suisse, la SGS est responsable de la m\u00e9thode Shiatsu et OdA KT *.<\/em><\/p>\n<p>Le Shiatsu, comme toute profession, exige des comp\u00e9tences sp\u00e9cifiques. Les praticiens doivent :<\/p>\n<ul>\n<li>\u00e9valuer et d\u00e9crire l&rsquo;\u00e9tat \u00e9nerg\u00e9tique d&rsquo;une personne, base de tout traitement<\/li>\n<\/ul>\n<ul>\n<li>utiliser les techniques Shiatsu de fa\u00e7on ad\u00e9quate en fonction de la situation donn\u00e9e de la personne, pour soutenir et am\u00e9liorer la vie quotidienne du patient<\/li>\n<\/ul>\n<ul>\n<li>\u00eatre en empathie, d\u00e9tendu, centr\u00e9, align\u00e9 et rester concentr\u00e9 pendant le traitement<\/li>\n<\/ul>\n<ul>\n<li>\u00e9valuer les effets du traitement<\/li>\n<\/ul>\n<ul>\n<li>examiner l\u2019\u00e9volution de la personne<\/li>\n<\/ul>\n<ul>\n<li>aider \u00e0 son d\u00e9veloppement personnel<\/li>\n<\/ul>\n<ul>\n<li>conna\u00eetre les possibilit\u00e9s et les limites du Shiatsu<\/li>\n<\/ul>\n<ul>\n<li>\u00eatre conscient de l\u2019\u00e9volution personnelle du patient<\/li>\n<\/ul>\n<ul>\n<li>d\u00e9velopper ses propres comp\u00e9tences professionnelles<\/li>\n<\/ul>\n<ul>\n<li>planifier et appliquer sa propre pratique<\/li>\n<\/ul>\n<ul>\n<li>coop\u00e9rer avec d&rsquo;autres professionnels<\/li>\n<\/ul>\n<p><em>*Celles-ci sont bas\u00e9es sur la comp\u00e9tence OdA KT -&gt; www.oda-kt.ch<\/em><\/p>\n","protected":false},"excerpt":{"rendered":"<p>Les F\u00e9d\u00e9rations Nationales de Shiatsu d\u00e9finissent les r\u00e8gles professionnelles du Shiatsu et les comp\u00e9tences qui doivent \u00eatre acquises tout au long de la formation. Elles soutiennent et garantissent le niveau de leurs membres en exigeant des normes ad\u00e9quates, en particulier le respect du code de d\u00e9ontologie. Elles coordonnent le d\u00e9veloppement &#8230;<\/p>\n","protected":false},"author":6,"featured_media":0,"parent":0,"menu_order":0,"comment_status":"closed","ping_status":"closed","template":"","meta":[],"_links":{"self":[{"href":"http:\/\/shiatsunetwork.org\/fr\/wp-json\/wp\/v2\/pages\/162"}],"collection":[{"href":"http:\/\/shiatsunetwork.org\/fr\/wp-json\/wp\/v2\/pages"}],"about":[{"href":"http:\/\/shiatsunetwork.org\/fr\/wp-json\/wp\/v2\/types\/page"}],"author":[{"embeddable":true,"href":"http:\/\/shiatsunetwork.org\/fr\/wp-json\/wp\/v2\/users\/6"}],"replies":[{"embeddable":true,"href":"http:\/\/shiatsunetwork.org\/fr\/wp-json\/wp\/v2\/comments?post=162"}],"version-history":[{"count":6,"href":"http:\/\/shiatsunetwork.org\/fr\/wp-json\/wp\/v2\/pages\/162\/revisions"}],"predecessor-version":[{"id":204,"href":"http:\/\/shiatsunetwork.org\/fr\/wp-json\/wp\/v2\/pages\/162\/revisions\/204"}],"wp:attachment":[{"href":"http:\/\/shiatsunetwork.org\/fr\/wp-json\/wp\/v2\/media?parent=162"}],"curies":[{"name":"wp","href":"https:\/\/api.w.org\/{rel}","templated":true}]}}