{"id":159,"date":"2016-11-17T16:21:22","date_gmt":"2016-11-17T16:21:22","guid":{"rendered":"http:\/\/shiatsunetwork.org\/fr\/?page_id=159"},"modified":"2016-11-17T17:28:39","modified_gmt":"2016-11-17T17:28:39","slug":"praticien-en-shiatsu","status":"publish","type":"page","link":"http:\/\/shiatsunetwork.org\/fr\/praticien-en-shiatsu\/","title":{"rendered":"Praticien en Shiatsu"},"content":{"rendered":"<p>Le praticien en Shiatsu travaille souvent dans son\u00a0propre cabinet. Il travaille de fa\u00e7on autonome et coop\u00e8re si n\u00e9cessaire avec des professionnels d&rsquo;autres disciplines.<\/p>\n<p>En outre, il peut \u00eatre employ\u00e9 dans diff\u00e9rents domaines tels que :<\/p>\n<ul>\n<li>les \u00e9tablissements de sant\u00e9 (h\u00f4pitaux, cliniques, centres ou cabinets de soins de sant\u00e9)<\/li>\n<li>Centres de r\u00e9adaptation et foyers pour personnes \u00e0 mobilit\u00e9 r\u00e9duite.<\/li>\n<li>h\u00f4tels, spa, institutions de sport, bien-\u00eatre et remise en forme<\/li>\n<li>\u00e9coles, instituts<\/li>\n<li>soci\u00e9t\u00e9s commerciales<\/li>\n<\/ul>\n<p>Il peut \u00a0\u00e9galement travailler en tant qu\u2019enseignant en\u00a0Shiatsu, sous r\u00e9serve qu\u2019il aie les qualifications requises, conformes aux exigences de sa F\u00e9d\u00e9ration (cursus sp\u00e9cifique valid\u00e9 par une certification f\u00e9d\u00e9rale).<\/p>\n<p>&nbsp;<\/p>\n","protected":false},"excerpt":{"rendered":"<p>Le praticien en Shiatsu travaille souvent dans son\u00a0propre cabinet. Il travaille de fa\u00e7on autonome et coop\u00e8re si n\u00e9cessaire avec des professionnels d&rsquo;autres disciplines. En outre, il peut \u00eatre employ\u00e9 dans diff\u00e9rents domaines tels que : les \u00e9tablissements de sant\u00e9 (h\u00f4pitaux, cliniques, centres ou cabinets de soins de sant\u00e9) Centres de &#8230;<\/p>\n","protected":false},"author":6,"featured_media":0,"parent":0,"menu_order":0,"comment_status":"closed","ping_status":"closed","template":"","meta":[],"_links":{"self":[{"href":"http:\/\/shiatsunetwork.org\/fr\/wp-json\/wp\/v2\/pages\/159"}],"collection":[{"href":"http:\/\/shiatsunetwork.org\/fr\/wp-json\/wp\/v2\/pages"}],"about":[{"href":"http:\/\/shiatsunetwork.org\/fr\/wp-json\/wp\/v2\/types\/page"}],"author":[{"embeddable":true,"href":"http:\/\/shiatsunetwork.org\/fr\/wp-json\/wp\/v2\/users\/6"}],"replies":[{"embeddable":true,"href":"http:\/\/shiatsunetwork.org\/fr\/wp-json\/wp\/v2\/comments?post=159"}],"version-history":[{"count":5,"href":"http:\/\/shiatsunetwork.org\/fr\/wp-json\/wp\/v2\/pages\/159\/revisions"}],"predecessor-version":[{"id":201,"href":"http:\/\/shiatsunetwork.org\/fr\/wp-json\/wp\/v2\/pages\/159\/revisions\/201"}],"wp:attachment":[{"href":"http:\/\/shiatsunetwork.org\/fr\/wp-json\/wp\/v2\/media?parent=159"}],"curies":[{"name":"wp","href":"https:\/\/api.w.org\/{rel}","templated":true}]}}