{"id":152,"date":"2016-11-17T16:12:52","date_gmt":"2016-11-17T16:12:52","guid":{"rendered":"http:\/\/shiatsunetwork.org\/fr\/?page_id=152"},"modified":"2016-11-17T17:27:38","modified_gmt":"2016-11-17T17:27:38","slug":"code-de-deontologie","status":"publish","type":"page","link":"http:\/\/shiatsunetwork.org\/fr\/code-de-deontologie\/","title":{"rendered":"Code de d\u00e9ontologie"},"content":{"rendered":"<p>Les membres des F\u00e9d\u00e9rations de Shiatsu qui font partie de l&rsquo;ISN, les praticiens face aux clients, s&rsquo;engagent \u00e0 respecter les objectifs et principes suivants :<\/p>\n<ul>\n<li>cr\u00e9er pour les personnes recevant des s\u00e9ances de Shiatsu un espace privil\u00e9gi\u00e9, dans lequel l&rsquo;ouverture et le mieux \u00eatre son favoris\u00e9s,<\/li>\n<\/ul>\n<ul>\n<li>garantir une stricte confidentialit\u00e9<\/li>\n<\/ul>\n<ul>\n<li>les soutenir dans leur \u00e9volution personnelle, respecter leur int\u00e9grit\u00e9 physique et morale, leurs opinions politique, philosophique et religieuse.<\/li>\n<\/ul>\n<ul>\n<li>informer leurs clients sur la d\u00e9finition et les objectifs du Shiatsu et s&rsquo;engager \u00e0 ne pas interrompre ou modifier des traitements m\u00e9dicaux en cours.<\/li>\n<\/ul>\n<ul>\n<li>stimuler l&rsquo;autonomie et la capacit\u00e9 de la personne \u00e0 prendre soin de sa propre sant\u00e9.<\/li>\n<\/ul>\n<ul>\n<li>\u00eatre conscient que gr\u00e2ce \u00e0 des techniques et des \u00e9valuations sp\u00e9cifiques \u00e0 la pratique du Shiatsu, le syst\u00e8me d\u2019autor\u00e9gulation de l&rsquo;organisme et le capital-sant\u00e9 peuvent \u00eatre am\u00e9lior\u00e9s. Le praticien s\u2019abstient d&rsquo;\u00e9tablir un diagnostic m\u00e9dical.<\/li>\n<\/ul>\n<p>&nbsp;<\/p>\n<p>Les praticiens face \u00e0 eux-m\u00eames s\u2019engagent \u00e0 :<\/p>\n<ul>\n<li>pratiquer le shiatsu en respectant les r\u00e8gles professionnelles et le code de d\u00e9ontologie de leur F\u00e9d\u00e9ration nationale<\/li>\n<\/ul>\n<ul>\n<li>d\u00e9velopper la qualit\u00e9 de leur travail et respecter les exigences qualitatives de leur F\u00e9d\u00e9ration nationale<\/li>\n<\/ul>\n<ul>\n<li>accepter d&rsquo;\u00eatre dans une d\u00e9marche de d\u00e9veloppement personnel permanent<\/li>\n<\/ul>\n<p>Les praticiens vis \u00e0 vis de la soci\u00e9t\u00e9 et du syst\u00e8me de sant\u00e9 s\u2019engagent \u00e0 :<\/p>\n<ul>\n<li>rechercher des relations avec d&rsquo;autres coll\u00e8gues en vue de projets mutuels, de solidarit\u00e9 faite de confiance et de respect, et \u00e0 coop\u00e9rer avec d&rsquo;autres professionnels si n\u00e9cessaire<\/li>\n<\/ul>\n<ul>\n<li>conna\u00eetre et respecter la situation juridique de leur profession, ainsi que les lois en vigueur<\/li>\n<\/ul>\n<ul>\n<li>respecter les limites du Shiatsu<\/li>\n<\/ul>\n<p><em>Les F\u00e9d\u00e9rations membres de l&rsquo;ISN s\u2019engagent \u00e0 ce que ces objectifs et principes soient respect\u00e9s par leurs membres et que les violations du code de d\u00e9ontologie soient sanctionn\u00e9es<\/em>.<\/p>\n","protected":false},"excerpt":{"rendered":"<p>Les membres des F\u00e9d\u00e9rations de Shiatsu qui font partie de l&rsquo;ISN, les praticiens face aux clients, s&rsquo;engagent \u00e0 respecter les objectifs et principes suivants : cr\u00e9er pour les personnes recevant des s\u00e9ances de Shiatsu un espace privil\u00e9gi\u00e9, dans lequel l&rsquo;ouverture et le mieux \u00eatre son favoris\u00e9s, garantir une stricte confidentialit\u00e9 &#8230;<\/p>\n","protected":false},"author":6,"featured_media":0,"parent":0,"menu_order":0,"comment_status":"closed","ping_status":"closed","template":"","meta":[],"_links":{"self":[{"href":"http:\/\/shiatsunetwork.org\/fr\/wp-json\/wp\/v2\/pages\/152"}],"collection":[{"href":"http:\/\/shiatsunetwork.org\/fr\/wp-json\/wp\/v2\/pages"}],"about":[{"href":"http:\/\/shiatsunetwork.org\/fr\/wp-json\/wp\/v2\/types\/page"}],"author":[{"embeddable":true,"href":"http:\/\/shiatsunetwork.org\/fr\/wp-json\/wp\/v2\/users\/6"}],"replies":[{"embeddable":true,"href":"http:\/\/shiatsunetwork.org\/fr\/wp-json\/wp\/v2\/comments?post=152"}],"version-history":[{"count":4,"href":"http:\/\/shiatsunetwork.org\/fr\/wp-json\/wp\/v2\/pages\/152\/revisions"}],"predecessor-version":[{"id":200,"href":"http:\/\/shiatsunetwork.org\/fr\/wp-json\/wp\/v2\/pages\/152\/revisions\/200"}],"wp:attachment":[{"href":"http:\/\/shiatsunetwork.org\/fr\/wp-json\/wp\/v2\/media?parent=152"}],"curies":[{"name":"wp","href":"https:\/\/api.w.org\/{rel}","templated":true}]}}