{"id":148,"date":"2016-11-17T16:10:56","date_gmt":"2016-11-17T16:10:56","guid":{"rendered":"http:\/\/shiatsunetwork.org\/fr\/?page_id=148"},"modified":"2016-11-17T17:27:19","modified_gmt":"2016-11-17T17:27:19","slug":"philosophie","status":"publish","type":"page","link":"http:\/\/shiatsunetwork.org\/fr\/philosophie\/","title":{"rendered":"Philosophie"},"content":{"rendered":"<p>Selon la connaissance des th\u00e9ories traditionnelles de la sant\u00e9 orientale, la personne est con\u00e7ue comme une unit\u00e9 de corps, d&rsquo;\u00e2me et d&rsquo;esprit. La vie d&rsquo;une personne est d\u00e9termin\u00e9e par des processus continus de transformation. La personne pr\u00e9serve sa sant\u00e9 en vivant en harmonie avec elle-m\u00eame, son environnement, la nature et l&rsquo;univers.<\/p>\n<p>Les d\u00e9s\u00e9quilibres peuvent causer des troubles du flux d&rsquo;\u00e9nergie. Si les troubles sont forts et fr\u00e9quents, les facult\u00e9s d&rsquo;autor\u00e9gulation de la personne sont alt\u00e9r\u00e9es, conduisant \u00e0 un d\u00e9s\u00e9quilibre \u00e9nerg\u00e9tique au niveau du corps, de l&rsquo;\u00e2me et de l&rsquo;esprit. Si ces d\u00e9s\u00e9quilibres sont \u00e9valu\u00e9s \u00e0 temps, la transformation vers des maladies, des maladies ou des crises de vie plus graves peut \u00eatre \u00e9vit\u00e9e.<\/p>\n<p>Les th\u00e9ories traditionnelles de la sant\u00e9 orientale soulignent l&rsquo;importance de l&rsquo;attitude du praticien en Shiatsu au cours du traitement ce qui d\u00e9terminera l&rsquo;efficacit\u00e9 du traitement lui-m\u00eame.<\/p>\n<p>Selon les principes qui ont leurs racines dans le bouddhisme et le tao\u00efsme (pr\u00e9sent dans tous les arts martiaux orientaux) le praticien se recentre dans une attitude sp\u00e9cifique de l&rsquo;esprit vide, non-jugement, il \u00e9pouse le mouvement, le processus (plus sp\u00e9cifiquement Wu wei en japonais &#8211; \u00ab follow the process \u00bb).<\/p>\n<p>&nbsp;<\/p>\n<p>&nbsp;<\/p>\n<p>&nbsp;<\/p>\n","protected":false},"excerpt":{"rendered":"<p>Selon la connaissance des th\u00e9ories traditionnelles de la sant\u00e9 orientale, la personne est con\u00e7ue comme une unit\u00e9 de corps, d&rsquo;\u00e2me et d&rsquo;esprit. La vie d&rsquo;une personne est d\u00e9termin\u00e9e par des processus continus de transformation. La personne pr\u00e9serve sa sant\u00e9 en vivant en harmonie avec elle-m\u00eame, son environnement, la nature et &#8230;<\/p>\n","protected":false},"author":6,"featured_media":0,"parent":0,"menu_order":0,"comment_status":"closed","ping_status":"closed","template":"","meta":[],"_links":{"self":[{"href":"http:\/\/shiatsunetwork.org\/fr\/wp-json\/wp\/v2\/pages\/148"}],"collection":[{"href":"http:\/\/shiatsunetwork.org\/fr\/wp-json\/wp\/v2\/pages"}],"about":[{"href":"http:\/\/shiatsunetwork.org\/fr\/wp-json\/wp\/v2\/types\/page"}],"author":[{"embeddable":true,"href":"http:\/\/shiatsunetwork.org\/fr\/wp-json\/wp\/v2\/users\/6"}],"replies":[{"embeddable":true,"href":"http:\/\/shiatsunetwork.org\/fr\/wp-json\/wp\/v2\/comments?post=148"}],"version-history":[{"count":4,"href":"http:\/\/shiatsunetwork.org\/fr\/wp-json\/wp\/v2\/pages\/148\/revisions"}],"predecessor-version":[{"id":199,"href":"http:\/\/shiatsunetwork.org\/fr\/wp-json\/wp\/v2\/pages\/148\/revisions\/199"}],"wp:attachment":[{"href":"http:\/\/shiatsunetwork.org\/fr\/wp-json\/wp\/v2\/media?parent=148"}],"curies":[{"name":"wp","href":"https:\/\/api.w.org\/{rel}","templated":true}]}}