{"id":139,"date":"2016-11-16T11:11:22","date_gmt":"2016-11-16T11:11:22","guid":{"rendered":"http:\/\/shiatsunetwork.org\/fr\/?page_id=139"},"modified":"2016-11-17T18:00:31","modified_gmt":"2016-11-17T18:00:31","slug":"statuts","status":"publish","type":"page","link":"http:\/\/shiatsunetwork.org\/fr\/statuts\/","title":{"rendered":"Statuts"},"content":{"rendered":"<p><strong>Membres fondateurs et\u00a0Noms<\/strong><\/p>\n<p>Les f\u00e9d\u00e9rations nationales de Shiatsu:<\/p>\n<ul>\n<li>La F\u00e9d\u00e9ration Fran\u00e7aise de Shiatsu traditionell (FFST)<\/li>\n<li>Federazione Italiana Shiatsu Insegnanti et Op\u00e9rateurs FISIEO)<\/li>\n<li>Gesellschaft f\u00fcr Shiatsu in Deutschland (GSD)<\/li>\n<li>Shiatsu Gesellschaft Schweiz (SGS),<\/li>\n<\/ul>\n<p>Se regroupent pour former le International Shiatsu Network (ISN) et s&rsquo;engagent \u00e0 respecter les objectifs et les principes suivants.<\/p>\n<p><strong>Buts:<\/strong><\/p>\n<ul>\n<li>Le principal objectif de l&rsquo;ISN est d&rsquo;\u00eatre une plate-forme pour l&rsquo;\u00e9change d&rsquo;informations, pour la coop\u00e9ration entre les f\u00e9d\u00e9rations nationales dans le monde entier et pour d\u00e9velopper et garantir une haute qualit\u00e9 du Shiatsu en tant que profession.<\/li>\n<li>L\u2019International Shiatsu Network vise \u00e0 soutenir la reconnaissance du Shiatsu dans le monde entier.<\/li>\n<li>Il coordonne et fournit des documents de ses membres, comme les documents sur les situations juridiques, les programmes d&rsquo;\u00e9tudes, les d\u00e9finitions, le Code de d\u00e9ontologie, les normes de qualit\u00e9, etc.<\/li>\n<\/ul>\n<p><strong>Structure et coop\u00e9ration:<\/strong><\/p>\n<ul>\n<li>L&rsquo;ISN est un regroupement de f\u00e9d\u00e9rations nationales mais n&rsquo;a pas d&rsquo;autorit\u00e9 sur les f\u00e9d\u00e9rations\u00a0nationales.<\/li>\n<li>Les membres de l&rsquo;ISN respectent les diff\u00e9rentes cultures nationales, les situations l\u00e9gales, la taille des f\u00e9d\u00e9rations\u00a0et des langues. Ils agissent en cons\u00e9quence.<\/li>\n<li>Les d\u00e9l\u00e9gu\u00e9s des f\u00e9d\u00e9rations ont un lien \u00e9troit avec leur f\u00e9d\u00e9ration\u00a0nationale de base et repr\u00e9sentent leur politique.<\/li>\n<li>Ensemble, les membres partagent une d\u00e9finition commune du Shiatsu, du profil professionnel et d&rsquo;un codex \u00e9thique pour les membres.<\/li>\n<li>L&rsquo;ISN est un forum ouvert pour les associations membres sans ordre hi\u00e9rarchique. Seul le d\u00e9l\u00e9gu\u00e9 responsable d\u2019accueillir les autres membres dans son pays pour la r\u00e9union suivante, est responsable de la coordination et du d\u00e9roulement de la r\u00e9union. Il est aussi en charge de mener \u00e0 bien les projets jusqu\u2019\u00e0 la prochaine r\u00e9union<\/li>\n<\/ul>\n<ul>\n<li>Les d\u00e9cisions prises par les membres de l\u2019ISN doivent \u00eatre unanimes et doivent \u00eatre approuv\u00e9es (\u00e9crites ou par courrier \u00e9lectronique) par leur Conseil d&rsquo;Administration pour agir de fa\u00e7on l\u00e9gale. Les projets sous le nom de l&rsquo;ISN doivent \u00eatre approuv\u00e9s par tous les membres.<\/li>\n<li>Les t\u00e2ches devraient \u00eatre r\u00e9parties aussi \u00e9quitablement que possible entre les associations participantes. Pour chaque t\u00e2che, une personne doit \u00eatre nomm\u00e9e responsable de sa coordination.<\/li>\n<li>La participation \u00e0 des projets est strictement volontaire.<\/li>\n<\/ul>\n<p><strong>R\u00e9unions et co\u00fbts:<\/strong><\/p>\n<ul>\n<li>Il n&rsquo;y a pas de frais fixes pour l&rsquo;adh\u00e9sion.<\/li>\n<li>Il y a deux r\u00e9unions par ann\u00e9e rotatives dans un pays membre. Toutes les d\u00e9penses li\u00e9es aux r\u00e9unions doivent \u00eatre pay\u00e9es par les associations nationales.<\/li>\n<li>Des r\u00e9unions et des projets suppl\u00e9mentaires peuvent \u00eatre organis\u00e9s entre diff\u00e9rentes associations sur des sujets qui concernent leurs int\u00e9r\u00eats sp\u00e9cifiques. Ils en informeront les autres associations en cons\u00e9quence.<\/li>\n<\/ul>\n<p><strong>Adh\u00e9sion:<\/strong><\/p>\n<ul>\n<li>L&rsquo;ISN est ouvert \u00e0 d&rsquo;autres associations, si elles acceptent ces statuts, le manifeste et sont dispos\u00e9s \u00e0 agir en cons\u00e9quence.<\/li>\n<\/ul>\n<p>Strasbourg, 2013<\/p>\n<p>&nbsp;<\/p>\n","protected":false},"excerpt":{"rendered":"<p>Membres fondateurs et\u00a0Noms Les f\u00e9d\u00e9rations nationales de Shiatsu: La F\u00e9d\u00e9ration Fran\u00e7aise de Shiatsu traditionell (FFST) Federazione Italiana Shiatsu Insegnanti et Op\u00e9rateurs FISIEO) Gesellschaft f\u00fcr Shiatsu in Deutschland (GSD) Shiatsu Gesellschaft Schweiz (SGS), Se regroupent pour former le International Shiatsu Network (ISN) et s&rsquo;engagent \u00e0 respecter les objectifs et les principes &#8230;<\/p>\n","protected":false},"author":6,"featured_media":0,"parent":0,"menu_order":0,"comment_status":"closed","ping_status":"closed","template":"","meta":[],"_links":{"self":[{"href":"http:\/\/shiatsunetwork.org\/fr\/wp-json\/wp\/v2\/pages\/139"}],"collection":[{"href":"http:\/\/shiatsunetwork.org\/fr\/wp-json\/wp\/v2\/pages"}],"about":[{"href":"http:\/\/shiatsunetwork.org\/fr\/wp-json\/wp\/v2\/types\/page"}],"author":[{"embeddable":true,"href":"http:\/\/shiatsunetwork.org\/fr\/wp-json\/wp\/v2\/users\/6"}],"replies":[{"embeddable":true,"href":"http:\/\/shiatsunetwork.org\/fr\/wp-json\/wp\/v2\/comments?post=139"}],"version-history":[{"count":4,"href":"http:\/\/shiatsunetwork.org\/fr\/wp-json\/wp\/v2\/pages\/139\/revisions"}],"predecessor-version":[{"id":212,"href":"http:\/\/shiatsunetwork.org\/fr\/wp-json\/wp\/v2\/pages\/139\/revisions\/212"}],"wp:attachment":[{"href":"http:\/\/shiatsunetwork.org\/fr\/wp-json\/wp\/v2\/media?parent=139"}],"curies":[{"name":"wp","href":"https:\/\/api.w.org\/{rel}","templated":true}]}}