{"id":60,"date":"2015-06-24T11:37:25","date_gmt":"2015-06-24T11:37:25","guid":{"rendered":"http:\/\/isn.pastos.de\/?page_id=60"},"modified":"2018-11-09T09:26:14","modified_gmt":"2018-11-09T09:26:14","slug":"downloads","status":"publish","type":"page","link":"http:\/\/shiatsunetwork.org\/de\/downloads\/","title":{"rendered":"Downloads"},"content":{"rendered":"<p><a href=\"http:\/\/shiatsunetwork.org\/de\/wp-content\/uploads\/sites\/3\/2015\/06\/ShiatsuManifestoISN_2013_11.07.pdf\">Shiatsu Manifesto ISN 2013<\/a><a href=\"http:\/\/shiatsunetwork.org\/de\/wp-content\/uploads\/sites\/3\/2015\/06\/Statuts-ISN-2013.pdf\"><br \/>\nStatuten ISN<br \/>\n<\/a><a href=\"http:\/\/shiatsunetwork.org\/de\/wp-content\/uploads\/sites\/3\/2017\/11\/COMMON-CURRICULUM-2017.pdf\">Curriculum<\/a><\/p>\n<p><strong>Studien<\/strong><\/p>\n<ul>\n<li><a href=\"http:\/\/shiatsunetwork.org\/de\/wp-content\/uploads\/sites\/3\/2015\/06\/Studie_Leads_Zusammenfassende_Darstellung.pdf\">Studie Leads Zusammenfassende Darstellung<\/a><\/li>\n<li><a href=\"http:\/\/shiatsunetwork.org\/de\/wp-content\/uploads\/sites\/3\/2015\/06\/Swiss_Uebersicht_Forschungsergebnisse_D_20150923.pdf\">\u00dcbersicht Forschungsergebnisse (SGS)<\/a><\/li>\n<li><a href=\"http:\/\/shiatsunetwork.org\/de\/wp-content\/uploads\/sites\/3\/2015\/06\/8.9.-Finalfassung.pdf\">Die transkulturelle Integration au\u00dfereurop\u00e4ischer Konzepte in den zweiten deutschen Gesundheitsmarkt, dargestellt am Beispiel Shiatsu.<br \/>\nForschungsstand und Endpunktanalyse klinischer Studien zur Wirksamkeit des heterodoxen Verfahrens Shiatsu<\/a><\/li>\n<\/ul>\n<p>&nbsp;<\/p>\n","protected":false},"excerpt":{"rendered":"<p>Shiatsu Manifesto ISN 2013 Statuten ISN Curriculum Studien Studie Leads Zusammenfassende Darstellung \u00dcbersicht Forschungsergebnisse (SGS) Die transkulturelle Integration au\u00dfereurop\u00e4ischer Konzepte in den zweiten deutschen Gesundheitsmarkt, dargestellt am Beispiel Shiatsu. Forschungsstand und Endpunktanalyse klinischer Studien zur Wirksamkeit des heterodoxen Verfahrens Shiatsu &nbsp;<\/p>\n","protected":false},"author":1,"featured_media":0,"parent":0,"menu_order":0,"comment_status":"closed","ping_status":"open","template":"","meta":[],"_links":{"self":[{"href":"http:\/\/shiatsunetwork.org\/de\/wp-json\/wp\/v2\/pages\/60"}],"collection":[{"href":"http:\/\/shiatsunetwork.org\/de\/wp-json\/wp\/v2\/pages"}],"about":[{"href":"http:\/\/shiatsunetwork.org\/de\/wp-json\/wp\/v2\/types\/page"}],"author":[{"embeddable":true,"href":"http:\/\/shiatsunetwork.org\/de\/wp-json\/wp\/v2\/users\/1"}],"replies":[{"embeddable":true,"href":"http:\/\/shiatsunetwork.org\/de\/wp-json\/wp\/v2\/comments?post=60"}],"version-history":[{"count":6,"href":"http:\/\/shiatsunetwork.org\/de\/wp-json\/wp\/v2\/pages\/60\/revisions"}],"predecessor-version":[{"id":182,"href":"http:\/\/shiatsunetwork.org\/de\/wp-json\/wp\/v2\/pages\/60\/revisions\/182"}],"wp:attachment":[{"href":"http:\/\/shiatsunetwork.org\/de\/wp-json\/wp\/v2\/media?parent=60"}],"curies":[{"name":"wp","href":"https:\/\/api.w.org\/{rel}","templated":true}]}}