{"id":57,"date":"2015-06-24T11:36:17","date_gmt":"2015-06-24T11:36:17","guid":{"rendered":"http:\/\/isn.pastos.de\/?page_id=57"},"modified":"2019-10-23T15:18:42","modified_gmt":"2019-10-23T15:18:42","slug":"kontakt-und-links","status":"publish","type":"page","link":"http:\/\/shiatsunetwork.org\/de\/kontakt-und-links\/","title":{"rendered":"Kontakt und Links"},"content":{"rendered":"<p>Adressen von und ISN Mitgliederverb\u00e4nden ISN Deutschland Gesellschaft f\u00fcr Shiatsu in Deutschland (GSD) Eimsb\u00fctteler Str. 53-55 D-22769 Hambourg <a href=\"http:\/\/www.shiatsu-gsd.de\" target=\"_blank\" rel=\"noopener noreferrer\">www.shiatsu-gsd.de<\/a> \/ <a href=\"mailto:info@shiatsu-gsd.de\" target=\"_blank\" rel=\"noopener noreferrer\">info@shiatsu-gsd.de<\/a> Frankreich F\u00e9d\u00e9ration Fran\u00e7aise de Shiatsu Traditionnel (FFST) 12 rue des Epinettes F-75017 Paris <a href=\"http:\/\/www.ffst.fr\" target=\"_blank\" rel=\"noopener noreferrer\">www.ffst.fr<\/a> \/ <a href=\"mailto:shiatsu@ffst.fr\" target=\"_blank\" rel=\"noopener noreferrer\">shiatsu@ffst.fr<\/a> tel.0033(0) 142 29 64 22 Italien Federazione Italiana Shiatsu insegnanti e Operatori Ufficio di Segreteria Nazionale Via Catania 64 bouchon 00162 ROMA <a href=\"http:\/\/www.fisieo.it\" target=\"_blank\" rel=\"noopener noreferrer\">www.fisieo.it<\/a> \/ <a href=\"mailto:info@fisieo.it\" target=\"_blank\" rel=\"noopener noreferrer\">info@fisieo.it<\/a> Schweiz Shiatsu Gesellschaft Schweiz (SGS) Etzeimatt 5 CH-5430 Wettingen <a href=\"http:\/\/www.shiatsuverband.ch\" target=\"_blank\" rel=\"noopener noreferrer\">www.shiatsuverband.ch<\/a> \/ <a href=\"mailto:gs@shiatsuverband.ch\" target=\"_blank\" rel=\"noopener noreferrer\">gs@shiatsuverband.ch<\/a><\/p>\n","protected":false},"excerpt":{"rendered":"<p>Adressen von und ISN Mitgliederverb\u00e4nden ISN Deutschland Gesellschaft f\u00fcr Shiatsu in Deutschland (GSD) Eimsb\u00fctteler Str. 53-55 D-22769 Hambourg www.shiatsu-gsd.de \/ info@shiatsu-gsd.de Frankreich F\u00e9d\u00e9ration Fran\u00e7aise de Shiatsu Traditionnel (FFST) 12 rue des Epinettes F-75017 Paris www.ffst.fr \/ shiatsu@ffst.fr tel.0033(0) 142 29 64 22 Italien Federazione Italiana Shiatsu insegnanti e Operatori Ufficio &#8230;<\/p>\n","protected":false},"author":1,"featured_media":0,"parent":0,"menu_order":0,"comment_status":"closed","ping_status":"open","template":"","meta":[],"_links":{"self":[{"href":"http:\/\/shiatsunetwork.org\/de\/wp-json\/wp\/v2\/pages\/57"}],"collection":[{"href":"http:\/\/shiatsunetwork.org\/de\/wp-json\/wp\/v2\/pages"}],"about":[{"href":"http:\/\/shiatsunetwork.org\/de\/wp-json\/wp\/v2\/types\/page"}],"author":[{"embeddable":true,"href":"http:\/\/shiatsunetwork.org\/de\/wp-json\/wp\/v2\/users\/1"}],"replies":[{"embeddable":true,"href":"http:\/\/shiatsunetwork.org\/de\/wp-json\/wp\/v2\/comments?post=57"}],"version-history":[{"count":5,"href":"http:\/\/shiatsunetwork.org\/de\/wp-json\/wp\/v2\/pages\/57\/revisions"}],"predecessor-version":[{"id":195,"href":"http:\/\/shiatsunetwork.org\/de\/wp-json\/wp\/v2\/pages\/57\/revisions\/195"}],"wp:attachment":[{"href":"http:\/\/shiatsunetwork.org\/de\/wp-json\/wp\/v2\/media?parent=57"}],"curies":[{"name":"wp","href":"https:\/\/api.w.org\/{rel}","templated":true}]}}