{"id":54,"date":"2015-06-24T11:34:57","date_gmt":"2015-06-24T11:34:57","guid":{"rendered":"http:\/\/isn.pastos.de\/?page_id=54"},"modified":"2017-11-24T20:22:11","modified_gmt":"2017-11-24T20:22:11","slug":"suggestions-concerning-the-recognition-of-shiatsu-as-a-profession","status":"publish","type":"page","link":"http:\/\/shiatsunetwork.org\/de\/suggestions-concerning-the-recognition-of-shiatsu-as-a-profession\/","title":{"rendered":"Vorschl\u00e4ge betreffend der Anerkennung von Shiatsu als Beruf"},"content":{"rendered":"<p>Die Mitglieder des ISN laden Politik und Institutionen ein:<\/p>\n<ul>\n<li>die nationalen Shiatsuverb\u00e4nde als Partner bei Verhandlungen der nationalen Regulierungen von Shiatsu einzubeziehen und zu akzeptieren, dass die Definition von Shiatsu, das Berufsbild, die Ausbildung, die Ethikrichtlinien und andere Instrumente der Qualit\u00e4tskontrolle und \u2013entwicklung in der Hoheit der nationalen Shiatsuverb\u00e4nde liegt.<\/li>\n<\/ul>\n<p>In der Schweiz ist Shiatsu eine anerkannte Methode der Komplement\u00e4r-Therapie.<br \/>\nDer Verband ist zust\u00e4ndig f\u00fcr die Methode und die Methodenidentifikation. Die Organisation der Arbeitswelt Komplement\u00e4rTherapie OdA KT ist verantwortlich f\u00fcr die Akkreditierung von Methoden, f\u00fcr die Akkreditierung der KT-Ausbildungslehrg\u00e4nge, das Gleichwertigkeitsverfahren Branchenzertifikat und die H\u00f6here Fachpr\u00fcfung HFP Eidgen\u00f6ssisches Diplom. <a href=\"http:\/\/www.oda-kt.ch\">www.oda-kt.ch<\/a><\/p>\n<ul>\n<li>Das ISN als internationale Vertretung der nationalen Shiatsuverb\u00e4nde anzuerkennen<\/li>\n<li>Shiatsu als eine eigenst\u00e4ndige, nat\u00fcrliche und ganzheitliche Methode und Disziplin zur Gesundheitsf\u00f6rderung gut zuheissen, welche ohne Risiko f\u00fcr die Klienten praktiziert wird, auch wenn es begleitend bei Klienten mit Gesundheitsst\u00f6rungen oder Krankheit angewandt wird.<\/li>\n<li>zur Kenntnis zu nehmen, dass die professionelle Aus\u00fcbung von\u00a0 Shiatsu den Qualifikationsanforderungen des ISN gerecht werden muss, auch wenn sie im Rahmen anderer Berufe ausgef\u00fchrt wird.<\/li>\n<\/ul>\n","protected":false},"excerpt":{"rendered":"<p>Die Mitglieder des ISN laden Politik und Institutionen ein: die nationalen Shiatsuverb\u00e4nde als Partner bei Verhandlungen der nationalen Regulierungen von Shiatsu einzubeziehen und zu akzeptieren, dass die Definition von Shiatsu, das Berufsbild, die Ausbildung, die Ethikrichtlinien und andere Instrumente der Qualit\u00e4tskontrolle und \u2013entwicklung in der Hoheit der nationalen Shiatsuverb\u00e4nde liegt. &#8230;<\/p>\n","protected":false},"author":1,"featured_media":0,"parent":0,"menu_order":0,"comment_status":"closed","ping_status":"open","template":"","meta":[],"_links":{"self":[{"href":"http:\/\/shiatsunetwork.org\/de\/wp-json\/wp\/v2\/pages\/54"}],"collection":[{"href":"http:\/\/shiatsunetwork.org\/de\/wp-json\/wp\/v2\/pages"}],"about":[{"href":"http:\/\/shiatsunetwork.org\/de\/wp-json\/wp\/v2\/types\/page"}],"author":[{"embeddable":true,"href":"http:\/\/shiatsunetwork.org\/de\/wp-json\/wp\/v2\/users\/1"}],"replies":[{"embeddable":true,"href":"http:\/\/shiatsunetwork.org\/de\/wp-json\/wp\/v2\/comments?post=54"}],"version-history":[{"count":7,"href":"http:\/\/shiatsunetwork.org\/de\/wp-json\/wp\/v2\/pages\/54\/revisions"}],"predecessor-version":[{"id":175,"href":"http:\/\/shiatsunetwork.org\/de\/wp-json\/wp\/v2\/pages\/54\/revisions\/175"}],"wp:attachment":[{"href":"http:\/\/shiatsunetwork.org\/de\/wp-json\/wp\/v2\/media?parent=54"}],"curies":[{"name":"wp","href":"https:\/\/api.w.org\/{rel}","templated":true}]}}