{"id":51,"date":"2015-06-24T11:33:36","date_gmt":"2015-06-24T11:33:36","guid":{"rendered":"http:\/\/isn.pastos.de\/?page_id=51"},"modified":"2017-11-21T14:54:16","modified_gmt":"2017-11-21T14:54:16","slug":"national-shiatsu-federations","status":"publish","type":"page","link":"http:\/\/shiatsunetwork.org\/de\/national-shiatsu-federations\/","title":{"rendered":"Nationale Shiatsu-Verb\u00e4nde"},"content":{"rendered":"<p>Die nationalen Shiatsu Verb\u00e4nde entwickeln und gew\u00e4hrleisten die Identit\u00e4t von Shiatsu, die Qualit\u00e4t der Ausbildungen und der Berufspraxis in ihren L\u00e4ndern.<\/p>\n<p>Sie definieren Shiatsu und seine Position in ihrer nationalen Gesellschaft und Kultur.<br \/>\nSie definieren das Berufsprofil von Shiatsu und die in der Ausbildung zu erreichenden Kompetenzen.<\/p>\n<p>Sie garantieren f\u00fcr die Qualit\u00e4t der Ausbildung und der Lehrer.<br \/>\nSie unterst\u00fctzen und garantieren die Qualit\u00e4t ihrer Mitglieder und fordern diese auf, einen angemessenen Standard zu bewahren.<\/p>\n<p>Sie definieren die Ethikrichtlinien und garantieren, dass die genannten Ziele und Grunds\u00e4tze von den Mitgliedern respektiert werden. Verst\u00f6sse werden sanktioniert.<br \/>\nSie haben zum Ziel, f\u00fcr Shiatsu den Status eines anerkannten Berufes zu erreichen.<\/p>\n<p>In der Schweiz ist Shiatsu eine anerkannte Methode der Komplement\u00e4r-Therapie. Der Verband ist zust\u00e4ndig f\u00fcr die Methode und die Methodenbeschreibung. Die Organisation der Arbeitswelt Komplement\u00e4rTherapie OdA KT ist verantwortlich f\u00fcr die Akkreditierung von Methoden, f\u00fcr die Akkreditierung der KT-Ausbildungslehrg\u00e4nge, das Gleichwertigkeitsverfahren Branchenzertifikat und die H\u00f6here Fachpr\u00fcfung HFP Eidgen\u00f6ssisches Diplom. <a href=\"http:\/\/www.oda-kt.ch\">www.oda-kt.ch<\/a><\/p>\n","protected":false},"excerpt":{"rendered":"<p>Die nationalen Shiatsu Verb\u00e4nde entwickeln und gew\u00e4hrleisten die Identit\u00e4t von Shiatsu, die Qualit\u00e4t der Ausbildungen und der Berufspraxis in ihren L\u00e4ndern. Sie definieren Shiatsu und seine Position in ihrer nationalen Gesellschaft und Kultur. Sie definieren das Berufsprofil von Shiatsu und die in der Ausbildung zu erreichenden Kompetenzen. Sie garantieren f\u00fcr &#8230;<\/p>\n","protected":false},"author":1,"featured_media":0,"parent":0,"menu_order":0,"comment_status":"closed","ping_status":"open","template":"","meta":[],"_links":{"self":[{"href":"http:\/\/shiatsunetwork.org\/de\/wp-json\/wp\/v2\/pages\/51"}],"collection":[{"href":"http:\/\/shiatsunetwork.org\/de\/wp-json\/wp\/v2\/pages"}],"about":[{"href":"http:\/\/shiatsunetwork.org\/de\/wp-json\/wp\/v2\/types\/page"}],"author":[{"embeddable":true,"href":"http:\/\/shiatsunetwork.org\/de\/wp-json\/wp\/v2\/users\/1"}],"replies":[{"embeddable":true,"href":"http:\/\/shiatsunetwork.org\/de\/wp-json\/wp\/v2\/comments?post=51"}],"version-history":[{"count":5,"href":"http:\/\/shiatsunetwork.org\/de\/wp-json\/wp\/v2\/pages\/51\/revisions"}],"predecessor-version":[{"id":155,"href":"http:\/\/shiatsunetwork.org\/de\/wp-json\/wp\/v2\/pages\/51\/revisions\/155"}],"wp:attachment":[{"href":"http:\/\/shiatsunetwork.org\/de\/wp-json\/wp\/v2\/media?parent=51"}],"curies":[{"name":"wp","href":"https:\/\/api.w.org\/{rel}","templated":true}]}}