{"id":48,"date":"2015-06-24T11:33:10","date_gmt":"2015-06-24T11:33:10","guid":{"rendered":"http:\/\/isn.pastos.de\/?page_id=48"},"modified":"2017-11-24T20:29:16","modified_gmt":"2017-11-24T20:29:16","slug":"code-of-ethics-2","status":"publish","type":"page","link":"http:\/\/shiatsunetwork.org\/de\/code-of-ethics-2\/","title":{"rendered":"Kompetenzen"},"content":{"rendered":"<p>Die nationalen Shiatsuverb\u00e4nde definieren das Berufsprofil und die in der Ausbildung zu erreichenden Kompetenzen. Sie unterst\u00fctzen und garantieren die Qualit\u00e4t der Ausbildung ihrer Mitglieder und fordern diese auf, ein angemessenes Niveau zu bewahren und die Ethikrichtlinien zu respektieren. Sie koordinieren die Entwicklung von Shiatsu als Beruf\u00a0 auf internationaler Ebene.<br \/>\nIn der Schweiz ist Shiatsu eine anerkannte Methode der Komplement\u00e4rTherapie.<\/p>\n<p>Shiatsu als Beruf erfordert bestimmte Fertigkeiten. Praktizierende m\u00fcssen folgende Kompetenzen haben:<\/p>\n<ul>\n<li>Sie k\u00f6nnen den Energiezustand der Klientin\/des Klienten einzusch\u00e4tzen und beschreiben. Dieser ist die Grundlage f\u00fcr die Behandlung<\/li>\n<li>k\u00f6nnen Shiatsu-Techniken, abgestimmt auf die Situation der Klientin\/des Klienten, gezielt einsetzen<\/li>\n<li>sind w\u00e4hrend der Behandlung emphatisch, entspannt, zentriert, ausgerichtet und konzentriert<\/li>\n<li>evaluireren die Auswirkungen der Behandlung<\/li>\n<li>ber\u00fccksichtigen das Prozessgeschehen der Klientin\/des Klienten<\/li>\n<li>wenden Shiatsu-Techniken an, um die Nachhaltigkeit im t\u00e4glichen Leben der Kundin\/des Kunden zu unterst\u00fctzen<\/li>\n<li>unterst\u00fctzen pers\u00f6nliche Entwicklung<\/li>\n<li>erkennen M\u00f6glichkeiten und Grenzen von Shiatsu<\/li>\n<li>nehmen pers\u00f6nliche Prozesse wahr<\/li>\n<li>entwickeln berufliche Qualit\u00e4t<\/li>\n<li>f\u00fchren und organisieren den eigenen Betrieb<\/li>\n<li>arbeiten\u00a0 mit anderen Berufspersonen zusammen<\/li>\n<\/ul>\n","protected":false},"excerpt":{"rendered":"<p>Die nationalen Shiatsuverb\u00e4nde definieren das Berufsprofil und die in der Ausbildung zu erreichenden Kompetenzen. Sie unterst\u00fctzen und garantieren die Qualit\u00e4t der Ausbildung ihrer Mitglieder und fordern diese auf, ein angemessenes Niveau zu bewahren und die Ethikrichtlinien zu respektieren. Sie koordinieren die Entwicklung von Shiatsu als Beruf\u00a0 auf internationaler Ebene. In &#8230;<\/p>\n","protected":false},"author":1,"featured_media":0,"parent":0,"menu_order":0,"comment_status":"closed","ping_status":"open","template":"","meta":[],"_links":{"self":[{"href":"http:\/\/shiatsunetwork.org\/de\/wp-json\/wp\/v2\/pages\/48"}],"collection":[{"href":"http:\/\/shiatsunetwork.org\/de\/wp-json\/wp\/v2\/pages"}],"about":[{"href":"http:\/\/shiatsunetwork.org\/de\/wp-json\/wp\/v2\/types\/page"}],"author":[{"embeddable":true,"href":"http:\/\/shiatsunetwork.org\/de\/wp-json\/wp\/v2\/users\/1"}],"replies":[{"embeddable":true,"href":"http:\/\/shiatsunetwork.org\/de\/wp-json\/wp\/v2\/comments?post=48"}],"version-history":[{"count":9,"href":"http:\/\/shiatsunetwork.org\/de\/wp-json\/wp\/v2\/pages\/48\/revisions"}],"predecessor-version":[{"id":179,"href":"http:\/\/shiatsunetwork.org\/de\/wp-json\/wp\/v2\/pages\/48\/revisions\/179"}],"wp:attachment":[{"href":"http:\/\/shiatsunetwork.org\/de\/wp-json\/wp\/v2\/media?parent=48"}],"curies":[{"name":"wp","href":"https:\/\/api.w.org\/{rel}","templated":true}]}}