{"id":45,"date":"2015-06-24T11:32:38","date_gmt":"2015-06-24T11:32:38","guid":{"rendered":"http:\/\/isn.pastos.de\/?page_id=45"},"modified":"2017-11-21T15:36:20","modified_gmt":"2017-11-21T15:36:20","slug":"vocational-training-of-shiatsu-practitioners-and-teachers","status":"publish","type":"page","link":"http:\/\/shiatsunetwork.org\/de\/vocational-training-of-shiatsu-practitioners-and-teachers\/","title":{"rendered":"Berufsausbildung Shiatsu-PraktikerIn"},"content":{"rendered":"<p>Um die erforderlichen Kompetenzen f\u00fcr die Praxis zu erlangen, integriert die Shiatsu-Berufsausbilung verschiedene Elemente:<\/p>\n<p><strong>Theorie:<\/strong> Philosophien und Theorien der fern\u00f6stlichen Gesundheitslehren, westliche Konzepte f\u00fcr Gesundheit und Gesundheitsf\u00f6rderung, Geschichte des Shiatsu, Kentnisse in den verschiedenen Shiatsustilen.<\/p>\n<p><strong>Techniken:<\/strong> Shiatsu-spezifische Befunderhebungen, Behandlungstechniken und Ber\u00fchrung.<\/p>\n<p><strong>Pers\u00f6nliche F\u00e4higkeiten:<\/strong> Selbstwahrnehmung, Meditation, Achtsamkeit im Hier und Jetzt, Absichtslosigkeit<\/p>\n<p><strong>Praktisches Training:<\/strong> w\u00e4hrend der Ausbildung als Empf\u00e4nger und Geber, in Haltung und Technik, Fallstudien und Supervision.<\/p>\n<p><strong>Soziale F\u00e4higkeiten:<\/strong> Komunikation, interaktive Zusammenarbeit, \u00d6ffentlichkeitsarbeit<\/p>\n<p>Das Aneignen praktischer Erfahrungen und die Entwicklung pers\u00f6nlicher und sozialer Kompetenzen sind wichtige Ziele der Ausbildung. Dies sind die Grundsteine um Theorie und Techniken zu integrieren und die Kompetenzen f\u00fcr die berufliche Ausf\u00fchrung von Shiatsu\u00a0 zu erreichen.<\/p>\n<p>Die Shiatsuausbildung dauert mindestens drei Jahre.<\/p>\n<p>Die Ausbildung wird mit einem theoretischen und praktischen Examen abgeschlossen.<\/p>\n","protected":false},"excerpt":{"rendered":"<p>Um die erforderlichen Kompetenzen f\u00fcr die Praxis zu erlangen, integriert die Shiatsu-Berufsausbilung verschiedene Elemente: Theorie: Philosophien und Theorien der fern\u00f6stlichen Gesundheitslehren, westliche Konzepte f\u00fcr Gesundheit und Gesundheitsf\u00f6rderung, Geschichte des Shiatsu, Kentnisse in den verschiedenen Shiatsustilen. Techniken: Shiatsu-spezifische Befunderhebungen, Behandlungstechniken und Ber\u00fchrung. Pers\u00f6nliche F\u00e4higkeiten: Selbstwahrnehmung, Meditation, Achtsamkeit im Hier und Jetzt, &#8230;<\/p>\n","protected":false},"author":1,"featured_media":0,"parent":0,"menu_order":0,"comment_status":"closed","ping_status":"open","template":"","meta":[],"_links":{"self":[{"href":"http:\/\/shiatsunetwork.org\/de\/wp-json\/wp\/v2\/pages\/45"}],"collection":[{"href":"http:\/\/shiatsunetwork.org\/de\/wp-json\/wp\/v2\/pages"}],"about":[{"href":"http:\/\/shiatsunetwork.org\/de\/wp-json\/wp\/v2\/types\/page"}],"author":[{"embeddable":true,"href":"http:\/\/shiatsunetwork.org\/de\/wp-json\/wp\/v2\/users\/1"}],"replies":[{"embeddable":true,"href":"http:\/\/shiatsunetwork.org\/de\/wp-json\/wp\/v2\/comments?post=45"}],"version-history":[{"count":5,"href":"http:\/\/shiatsunetwork.org\/de\/wp-json\/wp\/v2\/pages\/45\/revisions"}],"predecessor-version":[{"id":165,"href":"http:\/\/shiatsunetwork.org\/de\/wp-json\/wp\/v2\/pages\/45\/revisions\/165"}],"wp:attachment":[{"href":"http:\/\/shiatsunetwork.org\/de\/wp-json\/wp\/v2\/media?parent=45"}],"curies":[{"name":"wp","href":"https:\/\/api.w.org\/{rel}","templated":true}]}}