{"id":39,"date":"2015-06-24T11:31:46","date_gmt":"2015-06-24T11:31:46","guid":{"rendered":"http:\/\/isn.pastos.de\/?page_id=39"},"modified":"2016-12-16T14:57:04","modified_gmt":"2016-12-16T14:57:04","slug":"definition-background-and-aims-of-shiatsu","status":"publish","type":"page","link":"http:\/\/shiatsunetwork.org\/de\/definition-background-and-aims-of-shiatsu\/","title":{"rendered":"Geschichte"},"content":{"rendered":"<p>Shiatsu hat seinen Ursprung in der traditionellen fern\u00f6stlichen Philosophie und Gesundheitslehre, im Speziellen in der japanischen und chinesischen Medizin.<\/p>\n<p>Shiatsu ist in Japan seit Ende 1964 als eigenst\u00e4ndiger Beruf und Behandlungsmethode offiziell anerkannt und hat sich in Europa und weltweit st\u00e4ndig verbreitet und weiterentwickelt. Im Westen hat Shiatsu seine eigene Identit\u00e4t gewonnen.<\/p>\n<p>F\u00fcr Shiatsu besonders bedeutungsvoll sind folgende Pers\u00f6nlichkeiten mit ihren individuellen Shiatsu-Stilen:<\/p>\n<ul>\n<li>Tenpeki Tamai erfand 1919 den Namen Shiatsu f\u00fcr die therapeutische Anwendung traditioneller Manualtechniken.<\/li>\n<li>Tokujiro Namikoshi (1905 \u2013 2000) entwickelte einen Shiatsu-Stil basierend auf der Chiropraxis, resp. westlich-medizinischen Grundlagen. Er verband diese mit den traditionellen fern\u00f6stlichen Erkenntnissen von Energie. Tokujiro Namikoshi erreichte die starke Verbreitung seines Shiatsu haupts\u00e4chlich in Japan und 1964 dessen staatliche Anerkennung als eigenst\u00e4ndige Therapieform.<\/li>\n<li>Shizuto Masunaga (1925 \u2013 1981) bereits Lehrer an der Namikoshi Schule, gr\u00fcndete den IOKAI Stil, orientierte sich an traditionellen Manualtechniken und der chinesischen Gesundheitslehre.. Zudem integrierte er philosophische und psychologische Aspekte in seine Shiatsuarbeit. Er erweiterte die Meridianlehre und entwickelte weitere Shiatsutechniken. Sein Shiatsu verbreitete sich im Westen am st\u00e4rksten.<\/li>\n<\/ul>\n","protected":false},"excerpt":{"rendered":"<p>Shiatsu hat seinen Ursprung in der traditionellen fern\u00f6stlichen Philosophie und Gesundheitslehre, im Speziellen in der japanischen und chinesischen Medizin. Shiatsu ist in Japan seit Ende 1964 als eigenst\u00e4ndiger Beruf und Behandlungsmethode offiziell anerkannt und hat sich in Europa und weltweit st\u00e4ndig verbreitet und weiterentwickelt. Im Westen hat Shiatsu seine eigene &#8230;<\/p>\n","protected":false},"author":1,"featured_media":0,"parent":0,"menu_order":0,"comment_status":"closed","ping_status":"open","template":"","meta":[],"_links":{"self":[{"href":"http:\/\/shiatsunetwork.org\/de\/wp-json\/wp\/v2\/pages\/39"}],"collection":[{"href":"http:\/\/shiatsunetwork.org\/de\/wp-json\/wp\/v2\/pages"}],"about":[{"href":"http:\/\/shiatsunetwork.org\/de\/wp-json\/wp\/v2\/types\/page"}],"author":[{"embeddable":true,"href":"http:\/\/shiatsunetwork.org\/de\/wp-json\/wp\/v2\/users\/1"}],"replies":[{"embeddable":true,"href":"http:\/\/shiatsunetwork.org\/de\/wp-json\/wp\/v2\/comments?post=39"}],"version-history":[{"count":4,"href":"http:\/\/shiatsunetwork.org\/de\/wp-json\/wp\/v2\/pages\/39\/revisions"}],"predecessor-version":[{"id":122,"href":"http:\/\/shiatsunetwork.org\/de\/wp-json\/wp\/v2\/pages\/39\/revisions\/122"}],"wp:attachment":[{"href":"http:\/\/shiatsunetwork.org\/de\/wp-json\/wp\/v2\/media?parent=39"}],"curies":[{"name":"wp","href":"https:\/\/api.w.org\/{rel}","templated":true}]}}