{"id":36,"date":"2015-06-24T11:31:20","date_gmt":"2015-06-24T11:31:20","guid":{"rendered":"http:\/\/isn.pastos.de\/?page_id=36"},"modified":"2017-11-21T15:40:22","modified_gmt":"2017-11-21T15:40:22","slug":"isn-members-and-goals","status":"publish","type":"page","link":"http:\/\/shiatsunetwork.org\/de\/isn-members-and-goals\/","title":{"rendered":"Statuten"},"content":{"rendered":"<p><strong>Gr\u00fcndungsmitglieder:<\/strong><\/p>\n<p>Die nationalen Shiatsuverb\u00e4nde:<\/p>\n<ul>\n<li>F\u00e9d\u00e9ration Fran\u00e7aise de Shiatsu traditionell (FFST)<\/li>\n<li>Federazione Italiana Shiatsu Insegnanti e Operatori\u00a0 FISIEO)<\/li>\n<li>Gesellschaft f\u00fcr Shiatsu in Deutschland (GSD)<\/li>\n<li>Shiatsu Gesellschaft Schweiz (SGS),<\/li>\n<\/ul>\n<p>gr\u00fcnden zusammen das Internationale Shiatsu Network (ISN) und verpflichten sich f\u00fcr die folgenden Ziele und Prinzipien:<\/p>\n<p><strong>Ziele:<\/strong><\/p>\n<ul>\n<li>Das Hauptziel des ISN ist es eine Plattform zu sein f\u00fcr den Informationsaustausch, die weltweite Zusammenarbeit zwischen Verb\u00e4nden und die weitere Entwicklung und hohe Qualit\u00e4t des Shiatsu als Beruf zu gew\u00e4hleisten.<\/li>\n<li>Das International Shiatsu Network ISN will die Anerkennung von Shiatsu weltweit unterst\u00fctzen.<\/li>\n<li>Es koordinert Daten, welche von den einzelnen Verb\u00e4nde zur Verf\u00fcgung gestellt werden und erarbeitet gemeinsame Dokumente wie rechtliche Situation, Curriculum, Definitionen, Ethikcodex, Qualit\u00e4tsstandards usw.<\/li>\n<\/ul>\n<p><strong>Struktur und Zusammenarbeit:<\/strong><\/p>\n<ul>\n<li>Das ISN ist eine koordinierte Gruppe von nationalen Verb\u00e4nden, die jedoch keine Autorit\u00e4t \u00fcber die nationalen Verb\u00e4nde hat.<\/li>\n<li>ISN Mitglieder respektieren die verschiedenen nationalen Kulturen, die rechltichen Situationen, die Gr\u00f6sse der Verb\u00e4nde und Sprachen und handeln entsprechend.<\/li>\n<li>Die Delegierten sind eng mit ihren Verb\u00e4nden in Kontakt und vertreten deren Politik.<\/li>\n<li>Stellt geinsame Dokumente wie Definition von Shiatsu, Berufsprofil und Ethikcodex ihren Mitgliedern zur Verf\u00fcgung.<\/li>\n<li>Das ISN ist ein offenes Forum ohne Hirarchie. Nur f\u00fcr die Vorbereitung und Koordination der Treffen ist der Delegierte des jeweiligen Gastgebers verantwortlich. Seine Aufgabe ist auch die Beobachtung der laufenden Arbeiten und Projekte bis zumn\u00e4chsten Treffen.<\/li>\n<li>Entscheidungen des ISN m\u00fcssen einstimmig sein und vom Vorstand genehmigt werden (schriftlich oder per E-mail). Projekte unter dem Nahmen des ISN m\u00fcssen von allen Mitgliedern angenommen werden.<\/li>\n<li>Anfallende Aufgaben sollen m\u00f6glichst gelichm\u00e4ssig unter den beteiligten Verb\u00e4nden verteilt werden. Tasks should be distributed as equally as possible among the participating associations. F\u00fcr jede Aufgabe wird eine Person bestimmt welche die Verantwortung und Koordination \u00fcbernimmt.<\/li>\n<li>Die Teilnahme an Projekten ist freiwillig.<\/li>\n<\/ul>\n<p><strong>Tagungen und Kosten:<\/strong><\/p>\n<ul>\n<li>Es gibt keine festen Geb\u00fchren f\u00fcr die Mitgliedschaft.<\/li>\n<li>Es finden zwei Treffen im Jahr, abwechselnd in einem der Migliederl\u00e4nder. S\u00e4mtliche anfallenden Kosten im Zusammenhang mit den Treffen sind von den einzelnen Verb\u00e4nden zu tragen.<\/li>\n<li>Die einzelnen Verb\u00e4nde k\u00f6nnen zus\u00e4tzliche Treffen und Projekte einberufen, welche ihre spezifischen Interessen betreffen. Sie werden die \u00fcbrigen Verb\u00e4nde dementsprechend informieren.<\/li>\n<\/ul>\n<p><strong>Membership:<\/strong><\/p>\n<ul>\n<li>Das ISN ist offen f\u00fcr weitere Verb\u00e4nde wenn diese die Statuten und das Manifest akzeptieren und bereit sind, entsprechend zu handeln.<\/li>\n<\/ul>\n","protected":false},"excerpt":{"rendered":"<p>Gr\u00fcndungsmitglieder: Die nationalen Shiatsuverb\u00e4nde: F\u00e9d\u00e9ration Fran\u00e7aise de Shiatsu traditionell (FFST) Federazione Italiana Shiatsu Insegnanti e Operatori\u00a0 FISIEO) Gesellschaft f\u00fcr Shiatsu in Deutschland (GSD) Shiatsu Gesellschaft Schweiz (SGS), gr\u00fcnden zusammen das Internationale Shiatsu Network (ISN) und verpflichten sich f\u00fcr die folgenden Ziele und Prinzipien: Ziele: Das Hauptziel des ISN ist es &#8230;<\/p>\n","protected":false},"author":1,"featured_media":99,"parent":0,"menu_order":0,"comment_status":"closed","ping_status":"open","template":"","meta":[],"_links":{"self":[{"href":"http:\/\/shiatsunetwork.org\/de\/wp-json\/wp\/v2\/pages\/36"}],"collection":[{"href":"http:\/\/shiatsunetwork.org\/de\/wp-json\/wp\/v2\/pages"}],"about":[{"href":"http:\/\/shiatsunetwork.org\/de\/wp-json\/wp\/v2\/types\/page"}],"author":[{"embeddable":true,"href":"http:\/\/shiatsunetwork.org\/de\/wp-json\/wp\/v2\/users\/1"}],"replies":[{"embeddable":true,"href":"http:\/\/shiatsunetwork.org\/de\/wp-json\/wp\/v2\/comments?post=36"}],"version-history":[{"count":4,"href":"http:\/\/shiatsunetwork.org\/de\/wp-json\/wp\/v2\/pages\/36\/revisions"}],"predecessor-version":[{"id":167,"href":"http:\/\/shiatsunetwork.org\/de\/wp-json\/wp\/v2\/pages\/36\/revisions\/167"}],"wp:featuredmedia":[{"embeddable":true,"href":"http:\/\/shiatsunetwork.org\/de\/wp-json\/wp\/v2\/media\/99"}],"wp:attachment":[{"href":"http:\/\/shiatsunetwork.org\/de\/wp-json\/wp\/v2\/media?parent=36"}],"curies":[{"name":"wp","href":"https:\/\/api.w.org\/{rel}","templated":true}]}}