{"id":33,"date":"2015-06-24T11:30:47","date_gmt":"2015-06-24T11:30:47","guid":{"rendered":"http:\/\/isn.pastos.de\/?page_id=33"},"modified":"2017-11-24T20:26:56","modified_gmt":"2017-11-24T20:26:56","slug":"shiatsu-manifesto","status":"publish","type":"page","link":"http:\/\/shiatsunetwork.org\/de\/shiatsu-manifesto\/","title":{"rendered":"Shiatsu-Ziele"},"content":{"rendered":"<ul>\n<li>die selbstregulativen Kr\u00e4ften des Organismus zu stimulieren<\/li>\n<li>energetische Verspannungen und Blockaden zu l\u00f6sen<\/li>\n<li>den freien, nat\u00fcrlichen Fluss der Lebensenergie zu unterst\u00fctzen<\/li>\n<li>das Energiesystem als Ganzes auszugleichen (K\u00f6rper, Geist und Seele)<\/li>\n<li>die Selbstwahrnehmung und die Eigenverantwortung f\u00fcr die Gesundheit zu f\u00f6rdern<\/li>\n<\/ul>\n<p>Shiatsu wird auf verschiedenen Gebieten angewendet. Es unterst\u00fctzt und begleitet Menschen in ihren Prozessen<\/p>\n<ul>\n<li>die Gesundheit zu f\u00f6rdern und zu erhalten<\/li>\n<li>sich von k\u00f6rperlichen und psychischen Ungleichgewichten zu erholen<\/li>\n<li>eine tiefe Entspannung von K\u00f6rper, Geist zu erlangen<\/li>\n<li>mit dem K\u00f6rper und dem inneren Selbst in Kontakt zu kommen<\/li>\n<li>in Lebenskrisen und schwierigen Momenten unterst\u00fctzt zu werden<\/li>\n<li>ihr Potenzial und ihre Ressourcen zu entwickeln<\/li>\n<\/ul>\n","protected":false},"excerpt":{"rendered":"<p>die selbstregulativen Kr\u00e4ften des Organismus zu stimulieren energetische Verspannungen und Blockaden zu l\u00f6sen den freien, nat\u00fcrlichen Fluss der Lebensenergie zu unterst\u00fctzen das Energiesystem als Ganzes auszugleichen (K\u00f6rper, Geist und Seele) die Selbstwahrnehmung und die Eigenverantwortung f\u00fcr die Gesundheit zu f\u00f6rdern Shiatsu wird auf verschiedenen Gebieten angewendet. Es unterst\u00fctzt und begleitet &#8230;<\/p>\n","protected":false},"author":1,"featured_media":0,"parent":0,"menu_order":0,"comment_status":"closed","ping_status":"open","template":"","meta":[],"_links":{"self":[{"href":"http:\/\/shiatsunetwork.org\/de\/wp-json\/wp\/v2\/pages\/33"}],"collection":[{"href":"http:\/\/shiatsunetwork.org\/de\/wp-json\/wp\/v2\/pages"}],"about":[{"href":"http:\/\/shiatsunetwork.org\/de\/wp-json\/wp\/v2\/types\/page"}],"author":[{"embeddable":true,"href":"http:\/\/shiatsunetwork.org\/de\/wp-json\/wp\/v2\/users\/1"}],"replies":[{"embeddable":true,"href":"http:\/\/shiatsunetwork.org\/de\/wp-json\/wp\/v2\/comments?post=33"}],"version-history":[{"count":6,"href":"http:\/\/shiatsunetwork.org\/de\/wp-json\/wp\/v2\/pages\/33\/revisions"}],"predecessor-version":[{"id":177,"href":"http:\/\/shiatsunetwork.org\/de\/wp-json\/wp\/v2\/pages\/33\/revisions\/177"}],"wp:attachment":[{"href":"http:\/\/shiatsunetwork.org\/de\/wp-json\/wp\/v2\/media?parent=33"}],"curies":[{"name":"wp","href":"https:\/\/api.w.org\/{rel}","templated":true}]}}