{"id":30,"date":"2015-06-24T11:28:35","date_gmt":"2015-06-24T11:28:35","guid":{"rendered":"http:\/\/isn.pastos.de\/?page_id=30"},"modified":"2017-11-24T20:33:19","modified_gmt":"2017-11-24T20:33:19","slug":"code-of-ethics","status":"publish","type":"page","link":"http:\/\/shiatsunetwork.org\/de\/code-of-ethics\/","title":{"rendered":"Ethikrichtlinien"},"content":{"rendered":"<p><strong>Die Mitglieder der Nationalen Verb\u00e4nde welche Teil des ISN sind, verpflichten sich folgende Ziele und Grunds\u00e4tze zu zu befolgen: <\/strong><\/p>\n<p><strong>Praktizierende gegen\u00fcber den KlientInen:<\/strong><\/p>\n<ul>\n<li>schaffen einen vertrauensvollen Raum zu in dem \u00d5ffnung und Wandlungsprozesse stattfinden k\u00f6nnen. Sie garantieren strikte Vertraulichkeit<\/li>\n<li>unterst\u00fctzen die KlientInnen in ihren pers\u00f6nlichen Prozessen, respektieren ihre physische und moralische Integrit\u00e4t und achten ihre politischen und religi\u00f6sen \u00dcberzeugungen<\/li>\n<li>informieren die KlientInnen \u00fcber die Definition und Ziele des Shiatsu zu und verpflichten sich medizinische Behandlungen weder zu unterbrechen, noch zu beeinflussen<\/li>\n<li>f\u00f6rdern die Autonomie der KlientInnen und deren F\u00e4higkeit, selbstverantwortlich f\u00fcr die eigene Gesundheit zu sorgen<\/li>\n<li>sind sich bewu\u00dft, dass durch shiatsu-spezifischen Techniken und Evaluationen das Selbstregulierungssystem und die gesunden Ressourcen angeregt werden k\u00f6nnen und sie sich gleichzeitig aller medizinischer Diagnosen enthalten, sowie keine medizinischen Behandlungen ver\u00e4ndern.<\/li>\n<\/ul>\n<p><strong>Praktizierende gegeben\u00fcber sich selbst:<\/strong><\/p>\n<ul>\n<li>praktizieren Shiatsu gem\u00e4ss dem Berufsprofil und den Ethikrichtlinien\u00a0 ihrer nationalen Verb\u00e4nde<\/li>\n<li>entwickeln die Qualit\u00e4t ihrer Arbeit weiter und erf\u00fcllen die diesbez\u00fcglichen Anforderungen ihrer nationalen Verb\u00e4nde<\/li>\n<li>sind sich des eigenen kontinuirlichen Entwicklungsprozesses bewusst<\/li>\n<\/ul>\n<p><strong>Praktizierende gegen\u00fcber Gesellschaft und Gesundheitswesen<\/strong><\/p>\n<ul>\n<li>vernetzen sich mit andern Kollegen auf der Basis von Genauigkeit, professioneller Solidariet\u00e4t, Vertrauen und Respekt und arbeiten bei Bedarf mit anderen Fachpersonen zusammen<\/li>\n<li>kennen und respektiert die rechtliche Situation<\/li>\n<li>respektieren die Grenzen von Shiatsu<\/li>\n<\/ul>\n<p>Die Verb\u00e4nde, welche Mitglieder des ISN sind, garantieren, dass die genannten Ziele und Grunds\u00e4tze von ihren Mitgliedern befolgt und respektiert werden. Verst\u00f6sse werden sanktioniert.<\/p>\n","protected":false},"excerpt":{"rendered":"<p>Die Mitglieder der Nationalen Verb\u00e4nde welche Teil des ISN sind, verpflichten sich folgende Ziele und Grunds\u00e4tze zu zu befolgen: Praktizierende gegen\u00fcber den KlientInen: schaffen einen vertrauensvollen Raum zu in dem \u00d5ffnung und Wandlungsprozesse stattfinden k\u00f6nnen. Sie garantieren strikte Vertraulichkeit unterst\u00fctzen die KlientInnen in ihren pers\u00f6nlichen Prozessen, respektieren ihre physische und &#8230;<\/p>\n","protected":false},"author":1,"featured_media":0,"parent":0,"menu_order":0,"comment_status":"closed","ping_status":"open","template":"","meta":[],"_links":{"self":[{"href":"http:\/\/shiatsunetwork.org\/de\/wp-json\/wp\/v2\/pages\/30"}],"collection":[{"href":"http:\/\/shiatsunetwork.org\/de\/wp-json\/wp\/v2\/pages"}],"about":[{"href":"http:\/\/shiatsunetwork.org\/de\/wp-json\/wp\/v2\/types\/page"}],"author":[{"embeddable":true,"href":"http:\/\/shiatsunetwork.org\/de\/wp-json\/wp\/v2\/users\/1"}],"replies":[{"embeddable":true,"href":"http:\/\/shiatsunetwork.org\/de\/wp-json\/wp\/v2\/comments?post=30"}],"version-history":[{"count":6,"href":"http:\/\/shiatsunetwork.org\/de\/wp-json\/wp\/v2\/pages\/30\/revisions"}],"predecessor-version":[{"id":176,"href":"http:\/\/shiatsunetwork.org\/de\/wp-json\/wp\/v2\/pages\/30\/revisions\/176"}],"wp:attachment":[{"href":"http:\/\/shiatsunetwork.org\/de\/wp-json\/wp\/v2\/media?parent=30"}],"curies":[{"name":"wp","href":"https:\/\/api.w.org\/{rel}","templated":true}]}}