{"id":23,"date":"2015-06-23T14:09:39","date_gmt":"2015-06-23T14:09:39","guid":{"rendered":"http:\/\/isn.pastos.de\/?page_id=23"},"modified":"2016-12-16T11:10:37","modified_gmt":"2016-12-16T11:10:37","slug":"definition-of-shiatsu","status":"publish","type":"page","link":"http:\/\/shiatsunetwork.org\/de\/definition-of-shiatsu\/","title":{"rendered":"Was ist Shiatsu"},"content":{"rendered":"<p>Der japanische Begriff \u201eShiatsu\u201c hei\u00dft w\u00f6rtlich \u00fcbersetzt \u201eFingerdruck\u201d und bedeutet mit dem Tastsinn dem Ph\u00e4nomen des Energieflusses im K\u00f6rper zu folgen.<\/p>\n<p>Shiatsu ist ein eigenst\u00e4ndiges System energetischer K\u00f6rperarbeit und eine wirksame Methode zur St\u00e4rkung der Selbstheilungskr\u00e4fte, zur Selbstwahrnehmung und zur F\u00f6rderung der Rehabilitationskompetenzen. Shiatsu erm\u00f6glicht, gem\u00e4\u00df der zu Grunde liegenden traditionellen \u00f6stlichen Lebensauffassung, die Lebensf\u00fchrung als bewusst gestaltende Kunst zu verstehen.<\/p>\n<p>Shiatsu betrachtet die Situation des Klienten als individuelle Basis f\u00fcr die professionelle Behandlung. Es setzt die Einzigartigkeit des Menschen und des Lebens ins Zentrum und erlaubt den KlientInnen ihren Organismus und ihre Situation wieder auszugleichen.<\/p>\n<p>Shiatsu kann den Gesundungsprozess von Menschen mit Beschwerden, mit Befindlichkeits- und Leistungsbeeintr\u00e4chtigungen, Erkrankungen, sowie Menschen in der Rehabilitation f\u00f6rdern.<\/p>\n<p>Shiatsu begleitet und unterst\u00fctzt den Menschen in seinem Wandlungs-, Entwicklungs- und Anpassungsprozess.<\/p>\n","protected":false},"excerpt":{"rendered":"<p>Der japanische Begriff \u201eShiatsu\u201c hei\u00dft w\u00f6rtlich \u00fcbersetzt \u201eFingerdruck\u201d und bedeutet mit dem Tastsinn dem Ph\u00e4nomen des Energieflusses im K\u00f6rper zu folgen. Shiatsu ist ein eigenst\u00e4ndiges System energetischer K\u00f6rperarbeit und eine wirksame Methode zur St\u00e4rkung der Selbstheilungskr\u00e4fte, zur Selbstwahrnehmung und zur F\u00f6rderung der Rehabilitationskompetenzen. Shiatsu erm\u00f6glicht, gem\u00e4\u00df der zu Grunde liegenden &#8230;<\/p>\n","protected":false},"author":1,"featured_media":0,"parent":0,"menu_order":0,"comment_status":"closed","ping_status":"open","template":"","meta":[],"_links":{"self":[{"href":"http:\/\/shiatsunetwork.org\/de\/wp-json\/wp\/v2\/pages\/23"}],"collection":[{"href":"http:\/\/shiatsunetwork.org\/de\/wp-json\/wp\/v2\/pages"}],"about":[{"href":"http:\/\/shiatsunetwork.org\/de\/wp-json\/wp\/v2\/types\/page"}],"author":[{"embeddable":true,"href":"http:\/\/shiatsunetwork.org\/de\/wp-json\/wp\/v2\/users\/1"}],"replies":[{"embeddable":true,"href":"http:\/\/shiatsunetwork.org\/de\/wp-json\/wp\/v2\/comments?post=23"}],"version-history":[{"count":4,"href":"http:\/\/shiatsunetwork.org\/de\/wp-json\/wp\/v2\/pages\/23\/revisions"}],"predecessor-version":[{"id":120,"href":"http:\/\/shiatsunetwork.org\/de\/wp-json\/wp\/v2\/pages\/23\/revisions\/120"}],"wp:attachment":[{"href":"http:\/\/shiatsunetwork.org\/de\/wp-json\/wp\/v2\/media?parent=23"}],"curies":[{"name":"wp","href":"https:\/\/api.w.org\/{rel}","templated":true}]}}