{"id":21,"date":"2015-06-23T13:34:50","date_gmt":"2015-06-23T13:34:50","guid":{"rendered":"http:\/\/isn.pastos.de\/?page_id=21"},"modified":"2017-11-24T20:30:57","modified_gmt":"2017-11-24T20:30:57","slug":"isn-2","status":"publish","type":"page","link":"http:\/\/shiatsunetwork.org\/de\/","title":{"rendered":"ISN"},"content":{"rendered":"<p>Das International Shiatsu Netzwerk (ISN) ist eine parteipolitisch unabh\u00e4ngige und nicht profitorientierte Organisation verschiedener Shiatsu-Verb\u00e4nde. Es wurde von den folgenden Verb\u00e4nden ins Leben gerufen, welche im Moment mit ungef\u00e4hr 6000 Shiatsu-Praktizierenden und mehr als 100 Schulen die Mehrheit der Shiatsu-PraktikerInnen in Europa vertreten.<\/p>\n<p><strong>FFST: F\u00e9d\u00e9ration Fran\u00e7aise Shiatsu Traditionel (F)<\/strong><br \/>\n<strong>FISieo \u2013 Federazione Italiana Shiatsu Insegnanti e Operatori (I)<\/strong><br \/>\n<strong>GSD: Gesellschaft f\u00fcr Shiatsu Deutschland (D)<\/strong><br \/>\n<strong>SGS: Shiatsu Gesellschaft Schweiz (CH)<br \/>\n<\/strong><br \/>\n<strong>NSE: Namikoshi Shiatsu Europe<\/strong><\/p>\n<p>Das Hauptziel des ISN ist es, eine Plattform f\u00fcr Informationsaustausch und Zusammenarbeit zwischen internationalen Verb\u00e4nden weltweit zu sein. Es setzt sich f\u00fcr die Entwicklung und f\u00fcr hohe Qualit\u00e4tsstandards f\u00fcr Shiatsu als Beruf ein. Das Internationale Shiatsu Netzwerk unterst\u00fctzt die Anerkennung von Shiatsu als Beruf weltweit. \u00dcber NSE ist das Netzwerk mit dem Japan Shiatsu College in Tokyo verbunden.<\/p>\n<p>In \u00dcbereinstimmung mit diesem Ziel will das ISN:<\/p>\n<ul>\n<li>Shiatsu international verbreiten, organisieren und vertreten<\/li>\n<li>sich gegenseitig unterst\u00fctzen durch Informationsaustausch, Koordination und Bereitstellung von Dokumenten wie Curricula, Definitionen, Ethikrichtlinien, Qualit\u00e4tsstandards, rechtliche Situation usw.<\/li>\n<li>einen kulturellen, geschichtlichen, politischen und didaktischen Erfahrungsaustausch im Zusammenhang mit Shiatsu f\u00f6rdern<\/li>\n<li>weitere gemeinsame Interessen diskutieren und verfolgen<\/li>\n<\/ul>\n<p>Das ISN ist ein nicht hierarchisches Netzwerk und handelt im Auftrag der Verb\u00e4nde. Alle Entscheide werden einstimmig getroffen und mit dem Einverst\u00e4ndnis der nationalen Verb\u00e4nde. Projekte im Namen des ISN haben den ausdr\u00fccklichen R\u00fcckhalt aller Verb\u00e4nde. Sie werden auf freiwilliger Basis durch die teilnehmenden Verb\u00e4nde realisiert.<\/p>\n<p>Die individuellen Ressourcen und Mittel der Verb\u00e4nde mit ihren jeweiligen unterschiedlichen nationalen Voraussetzungen bilden die organisatorische und \u00f6konomische Basis des ISN.<\/p>\n","protected":false},"excerpt":{"rendered":"<p>Das International Shiatsu Netzwerk (ISN) ist eine parteipolitisch unabh\u00e4ngige und nicht profitorientierte Organisation verschiedener Shiatsu-Verb\u00e4nde. Es wurde von den folgenden Verb\u00e4nden ins Leben gerufen, welche im Moment mit ungef\u00e4hr 6000 Shiatsu-Praktizierenden und mehr als 100 Schulen die Mehrheit der Shiatsu-PraktikerInnen in Europa vertreten. FFST: F\u00e9d\u00e9ration Fran\u00e7aise Shiatsu Traditionel (F) FISieo &#8230;<\/p>\n","protected":false},"author":1,"featured_media":0,"parent":0,"menu_order":0,"comment_status":"closed","ping_status":"open","template":"","meta":[],"_links":{"self":[{"href":"http:\/\/shiatsunetwork.org\/de\/wp-json\/wp\/v2\/pages\/21"}],"collection":[{"href":"http:\/\/shiatsunetwork.org\/de\/wp-json\/wp\/v2\/pages"}],"about":[{"href":"http:\/\/shiatsunetwork.org\/de\/wp-json\/wp\/v2\/types\/page"}],"author":[{"embeddable":true,"href":"http:\/\/shiatsunetwork.org\/de\/wp-json\/wp\/v2\/users\/1"}],"replies":[{"embeddable":true,"href":"http:\/\/shiatsunetwork.org\/de\/wp-json\/wp\/v2\/comments?post=21"}],"version-history":[{"count":7,"href":"http:\/\/shiatsunetwork.org\/de\/wp-json\/wp\/v2\/pages\/21\/revisions"}],"predecessor-version":[{"id":174,"href":"http:\/\/shiatsunetwork.org\/de\/wp-json\/wp\/v2\/pages\/21\/revisions\/174"}],"wp:attachment":[{"href":"http:\/\/shiatsunetwork.org\/de\/wp-json\/wp\/v2\/media?parent=21"}],"curies":[{"name":"wp","href":"https:\/\/api.w.org\/{rel}","templated":true}]}}