{"id":160,"date":"2017-11-21T15:16:46","date_gmt":"2017-11-21T15:16:46","guid":{"rendered":"http:\/\/shiatsunetwork.org\/de\/?page_id=160"},"modified":"2017-11-21T15:17:09","modified_gmt":"2017-11-21T15:17:09","slug":"philosophie","status":"publish","type":"page","link":"http:\/\/shiatsunetwork.org\/de\/philosophie\/","title":{"rendered":"Philosophie"},"content":{"rendered":"<p>Gem\u00e4\u00df den Erkenntnissen der traditionellen fern\u00f6stlichen Gesundheitslehren ist der Mensch eine Einheit von K\u00f6rper, Geist und Seele. Sein Leben ist von st\u00e4ndigen Wandlungsprozessen gepr\u00e4gt. Er bewahrt seine Gesundheit dadurch, dass er im Einklang mit sich, seiner Umgebung, der Natur und dem Universum lebt.<\/p>\n<p>Abweichungen von diesem Gleichgewicht k\u00f6nnen St\u00f6rungen des Energieflusses bewirken. Tritt dies stark oder wiederholt auf, wird die Selbstregulation beeintr\u00e4chtigt, was zu einem energetischen Ungleichgewicht auf k\u00f6rperlicher, seelischer und geistiger Ebene f\u00fchren kann. Wird dies rechtzeitig beachtet, kann eine Wandlung in st\u00e4rkere Beschwerden, Erkrankungen oder Lebenskrisen vermieden werden.<\/p>\n<p>Traditionelle orientalische Gesundheitstheorien betonen die Bedeutung der (inneren und \u00e4u\u00dferen) Haltung des Praktizierenden, welche die Wirksamkeit der Behandlung bestimmt. Gem\u00e4\u00df der Grundlagen, welche ihre Wurzeln im Buddhismus und Taoismus haben &#8211; und die auch in allen orientalischen Kampfk\u00fcnsten zu finden sind &#8211; nimmt der Praktizierende eine bestimmte Haltung von offenem Geist, Nicht-Urteilens und Wu Wei (rechtem Tun) ein.<\/p>\n","protected":false},"excerpt":{"rendered":"<p>Gem\u00e4\u00df den Erkenntnissen der traditionellen fern\u00f6stlichen Gesundheitslehren ist der Mensch eine Einheit von K\u00f6rper, Geist und Seele. Sein Leben ist von st\u00e4ndigen Wandlungsprozessen gepr\u00e4gt. Er bewahrt seine Gesundheit dadurch, dass er im Einklang mit sich, seiner Umgebung, der Natur und dem Universum lebt. Abweichungen von diesem Gleichgewicht k\u00f6nnen St\u00f6rungen des &#8230;<\/p>\n","protected":false},"author":2,"featured_media":0,"parent":0,"menu_order":0,"comment_status":"closed","ping_status":"closed","template":"","meta":[],"_links":{"self":[{"href":"http:\/\/shiatsunetwork.org\/de\/wp-json\/wp\/v2\/pages\/160"}],"collection":[{"href":"http:\/\/shiatsunetwork.org\/de\/wp-json\/wp\/v2\/pages"}],"about":[{"href":"http:\/\/shiatsunetwork.org\/de\/wp-json\/wp\/v2\/types\/page"}],"author":[{"embeddable":true,"href":"http:\/\/shiatsunetwork.org\/de\/wp-json\/wp\/v2\/users\/2"}],"replies":[{"embeddable":true,"href":"http:\/\/shiatsunetwork.org\/de\/wp-json\/wp\/v2\/comments?post=160"}],"version-history":[{"count":2,"href":"http:\/\/shiatsunetwork.org\/de\/wp-json\/wp\/v2\/pages\/160\/revisions"}],"predecessor-version":[{"id":163,"href":"http:\/\/shiatsunetwork.org\/de\/wp-json\/wp\/v2\/pages\/160\/revisions\/163"}],"wp:attachment":[{"href":"http:\/\/shiatsunetwork.org\/de\/wp-json\/wp\/v2\/media?parent=160"}],"curies":[{"name":"wp","href":"https:\/\/api.w.org\/{rel}","templated":true}]}}