{"id":134,"date":"2016-12-19T18:18:41","date_gmt":"2016-12-19T18:18:41","guid":{"rendered":"http:\/\/shiatsunetwork.org\/de\/?page_id=134"},"modified":"2016-12-19T21:06:10","modified_gmt":"2016-12-19T21:06:10","slug":"studien-zu-shiatsu","status":"publish","type":"page","link":"http:\/\/shiatsunetwork.org\/de\/studien-zu-shiatsu\/","title":{"rendered":"Studien"},"content":{"rendered":"<p><strong>Eine Auwahl uns bekannter Studien zur Wirksamkeit von Shiatsu:<\/strong><\/p>\n<p>1. Die transkulturelle Integration au\u00dfereurop\u00e4ischer Konzepte in den zweiten deutschen Gesundheitsmarkt, dargestellt am Beispiel Shiatsu<br \/>\nDissertation und Metastudie zur Wirksamkeit von Shiatsu von Dr. Andrea Kleinau, Fakult\u00e4t f\u00fcr Kulturwissenschaften, Europa-Universit\u00e4t Viadrina Frankfurt (Oder)<br \/>\n(als PDF-Datei unter Downloads)<\/p>\n<p>2. Effects of shiatsu in the management of fibromyalgia symptoms: a controlled pilot study (https:\/\/www.ncbi.nlm.nih.gov\/pubmed\/23830713)<\/p>\n<p>3. Shiatsu: Erfahrungen und Wirkungen &#8211; eine europaweite Studie, School of Healthcare, University of Leads<br \/>\n(als PDF-Datei unter Downloads)<\/p>\n<p><strong>Eine Zusammenfassung folgender Studien findet sich ebenfalls unter unseren Downloads:<\/strong><\/p>\n<p>4. Wirkung von Shiatsu aus der Sicht der Klientinnen und Klienten, Schweiz, 2012<br \/>\n5. Gebrauch von Komplement\u00e4rmedizin in der Schweiz, 2012<br \/>\n6. Shiatsu in der \u00e4rztlichen Grundversorgung, ein Beispiel aus Grossbritannien, 2012<br \/>\n7. Klimakterium und Shiatsu, Studie am ESI Heidelberg, 2012<br \/>\n8. Weltweite wissenschaftliche Literaturauswertung \u00fcber Shiatsu und Akupressur, durchgef\u00fchrt in Grossbritannien, 2011 und 2006<br \/>\n9. Shiatsu als Beispiel einer CAM-Methode zur Verbesserung der Gesundheitskompetenz, 2009<br \/>\n10. Europ\u00e4ische Drei-L\u00e4nder-Studie u\u0308ber \u201eEffects and Experience of Shiatsu\u201c, 2008<br \/>\n11. Franz\u00f6sische Spitalstudie zu den Verringerungen der Nebenwirkungen von Chemotherapie<br \/>\ndurch Shiatsu, 2008<br \/>\n12. Schweizerische Fallstudien zu Behandlungsgr\u00fcnden und Wirkungen von Shiatsu, 2006<br \/>\n13. Mitgliederumfrage der Shiatsu Gesellschaft Schweiz zu \u201eShiatsu als Beruf\u201c, 2004<br \/>\n14. \u00d6sterreichische Daten \u00fcber Shiatsu als Zusatztherapie in Krankenh\u00e4usern und Kliniken, 1999<br \/>\n15. Fallberichte zur Wirkung von Shiatsu aus der Schweiz<\/p>\n<p>&nbsp;<\/p>\n","protected":false},"excerpt":{"rendered":"<p>Eine Auwahl uns bekannter Studien zur Wirksamkeit von Shiatsu: 1. Die transkulturelle Integration au\u00dfereurop\u00e4ischer Konzepte in den zweiten deutschen Gesundheitsmarkt, dargestellt am Beispiel Shiatsu Dissertation und Metastudie zur Wirksamkeit von Shiatsu von Dr. Andrea Kleinau, Fakult\u00e4t f\u00fcr Kulturwissenschaften, Europa-Universit\u00e4t Viadrina Frankfurt (Oder) (als PDF-Datei unter Downloads) 2. Effects of shiatsu &#8230;<\/p>\n","protected":false},"author":2,"featured_media":0,"parent":0,"menu_order":0,"comment_status":"closed","ping_status":"closed","template":"","meta":[],"_links":{"self":[{"href":"http:\/\/shiatsunetwork.org\/de\/wp-json\/wp\/v2\/pages\/134"}],"collection":[{"href":"http:\/\/shiatsunetwork.org\/de\/wp-json\/wp\/v2\/pages"}],"about":[{"href":"http:\/\/shiatsunetwork.org\/de\/wp-json\/wp\/v2\/types\/page"}],"author":[{"embeddable":true,"href":"http:\/\/shiatsunetwork.org\/de\/wp-json\/wp\/v2\/users\/2"}],"replies":[{"embeddable":true,"href":"http:\/\/shiatsunetwork.org\/de\/wp-json\/wp\/v2\/comments?post=134"}],"version-history":[{"count":4,"href":"http:\/\/shiatsunetwork.org\/de\/wp-json\/wp\/v2\/pages\/134\/revisions"}],"predecessor-version":[{"id":149,"href":"http:\/\/shiatsunetwork.org\/de\/wp-json\/wp\/v2\/pages\/134\/revisions\/149"}],"wp:attachment":[{"href":"http:\/\/shiatsunetwork.org\/de\/wp-json\/wp\/v2\/media?parent=134"}],"curies":[{"name":"wp","href":"https:\/\/api.w.org\/{rel}","templated":true}]}}